{"id":10643,"date":"2022-12-22T08:21:58","date_gmt":"2022-12-22T07:21:58","guid":{"rendered":"https:\/\/yb2023.psychold.de\/?page_id=10643"},"modified":"2024-03-12T09:45:41","modified_gmt":"2024-03-12T08:45:41","slug":"climbingwalls","status":"publish","type":"page","link":"https:\/\/theyachtbeach.com\/de\/climbingwalls\/","title":{"rendered":"climbingwalls"},"content":{"rendered":"<div data-elementor-type=\"wp-page\" data-elementor-id=\"10643\" class=\"elementor elementor-10643\" data-elementor-post-type=\"page\">\n\t\t\t\t<div class=\"elementor-element elementor-element-745209b e-flex e-con-boxed e-con e-parent\" data-id=\"745209b\" data-element_type=\"container\" data-e-type=\"container\" data-settings=\"{&quot;background_background&quot;:&quot;classic&quot;}\">\n\t\t\t\t\t<div class=\"e-con-inner\">\n\t\t\t\t\t<\/div>\n\t\t\t\t<\/div>\n\t\t<div class=\"elementor-element elementor-element-140bcaa e-flex e-con-boxed e-con e-parent\" data-id=\"140bcaa\" data-element_type=\"container\" data-e-type=\"container\">\n\t\t\t\t\t<div class=\"e-con-inner\">\n\t\t<div class=\"elementor-element elementor-element-f6ab23f e-con-full e-flex e-con e-child\" data-id=\"f6ab23f\" data-element_type=\"container\" data-e-type=\"container\">\n\t\t\t\t<div class=\"elementor-element elementor-element-56bf3b6 elementor-widget elementor-widget-heading\" data-id=\"56bf3b6\" data-element_type=\"widget\" data-e-type=\"widget\" data-widget_type=\"heading.default\">\n\t\t\t\t<div class=\"elementor-widget-container\">\n\t\t\t\t\t<h1 class=\"elementor-heading-title elementor-size-default\"><span style=\"color: #88795f\">CUSTOM<\/span>  Kletterw\u00e4nde<\/h1>\t\t\t\t<\/div>\n\t\t\t\t<\/div>\n\t\t\t\t<div class=\"elementor-element elementor-element-a514188 elementor-widget elementor-widget-text-editor\" data-id=\"a514188\" data-element_type=\"widget\" data-e-type=\"widget\" data-widget_type=\"text-editor.default\">\n\t\t\t\t<div class=\"elementor-widget-container\">\n\t\t\t\t\t\t\t\t\t<p class=\"translation-block\">Alle Kletterw\u00e4nde werden individuell an die jeweilige Yacht angepasst. Sie k\u00f6nnen in jeder Gr\u00f6\u00dfe und Farbe gebaut und mit Logos versehen werden, je nach Bedarf. Unsere ma\u00dfgeschneiderten Kletterw\u00e4nde sind die perfekte L\u00f6sung, um nach einem Sprung oder einer Rutschpartie wieder auf die Yacht zu gelangen. Wir k\u00f6nnen die perfekte L\u00f6sung f\u00fcr junge und jung gebliebene Menschen schaffen.<\/p><p><img fetchpriority=\"high\" decoding=\"async\" class=\"alignnone size-full wp-image-9340\" src=\"https:\/\/theyachtbeach.com\/wp-content\/uploads\/2022\/12\/custom-yachtbeach-05.jpg\" alt=\"\" width=\"844\" height=\"774\" srcset=\"https:\/\/theyachtbeach.com\/wp-content\/uploads\/2022\/12\/custom-yachtbeach-05.jpg 844w, https:\/\/theyachtbeach.com\/wp-content\/uploads\/2022\/12\/custom-yachtbeach-05-600x550.jpg 600w, https:\/\/theyachtbeach.com\/wp-content\/uploads\/2022\/12\/custom-yachtbeach-05-300x275.jpg 300w, https:\/\/theyachtbeach.com\/wp-content\/uploads\/2022\/12\/custom-yachtbeach-05-768x704.jpg 768w, https:\/\/theyachtbeach.com\/wp-content\/uploads\/2022\/12\/custom-yachtbeach-05-150x138.jpg 150w\" sizes=\"(max-width: 844px) 100vw, 844px\" \/><\/p>\t\t\t\t\t\t\t\t<\/div>\n\t\t\t\t<\/div>\n\t\t\t\t<\/div>\n\t\t<div class=\"elementor-element elementor-element-27cf107 e-con-full e-flex e-con e-child\" data-id=\"27cf107\" data-element_type=\"container\" data-e-type=\"container\">\n\t\t\t\t<div class=\"elementor-element elementor-element-87b53ef elementor-widget elementor-widget-image\" data-id=\"87b53ef\" data-element_type=\"widget\" data-e-type=\"widget\" data-widget_type=\"image.default\">\n\t\t\t\t<div class=\"elementor-widget-container\">\n\t\t\t\t\t\t\t\t\t\t\t\t\t\t\t<img decoding=\"async\" width=\"742\" height=\"198\" src=\"https:\/\/theyachtbeach.com\/wp-content\/uploads\/2022\/12\/whole-set-white.jpg\" class=\"attachment-large size-large wp-image-9330\" alt=\"\" srcset=\"https:\/\/theyachtbeach.com\/wp-content\/uploads\/2022\/12\/whole-set-white.jpg 742w, https:\/\/theyachtbeach.com\/wp-content\/uploads\/2022\/12\/whole-set-white-600x160.jpg 600w, https:\/\/theyachtbeach.com\/wp-content\/uploads\/2022\/12\/whole-set-white-300x80.jpg 300w, https:\/\/theyachtbeach.com\/wp-content\/uploads\/2022\/12\/whole-set-white-150x40.jpg 150w\" sizes=\"(max-width: 742px) 100vw, 742px\" \/>\t\t\t\t\t\t\t\t\t\t\t\t\t\t\t<\/div>\n\t\t\t\t<\/div>\n\t\t<div class=\"elementor-element elementor-element-712d17e e-con-full e-flex e-con e-child\" data-id=\"712d17e\" data-element_type=\"container\" data-e-type=\"container\">\n\t\t<div class=\"elementor-element elementor-element-ed4cac7 e-con-full e-flex e-con e-child\" data-id=\"ed4cac7\" data-element_type=\"container\" data-e-type=\"container\">\n\t\t\t\t<div class=\"elementor-element elementor-element-e3ce10f elementor-widget elementor-widget-image\" data-id=\"e3ce10f\" data-element_type=\"widget\" data-e-type=\"widget\" data-widget_type=\"image.default\">\n\t\t\t\t<div class=\"elementor-widget-container\">\n\t\t\t\t\t\t\t\t\t\t\t\t\t\t\t<img decoding=\"async\" width=\"391\" height=\"391\" src=\"https:\/\/theyachtbeach.com\/wp-content\/uploads\/2022\/12\/step-gluing.jpg\" class=\"attachment-large size-large wp-image-9333\" alt=\"\" srcset=\"https:\/\/theyachtbeach.com\/wp-content\/uploads\/2022\/12\/step-gluing.jpg 391w, https:\/\/theyachtbeach.com\/wp-content\/uploads\/2022\/12\/step-gluing-300x300.jpg 300w, https:\/\/theyachtbeach.com\/wp-content\/uploads\/2022\/12\/step-gluing-100x100.jpg 100w, https:\/\/theyachtbeach.com\/wp-content\/uploads\/2022\/12\/step-gluing-150x150.jpg 150w\" sizes=\"(max-width: 391px) 100vw, 391px\" \/>\t\t\t\t\t\t\t\t\t\t\t\t\t\t\t<\/div>\n\t\t\t\t<\/div>\n\t\t\t\t<\/div>\n\t\t<div class=\"elementor-element elementor-element-1d10342 e-con-full e-flex e-con e-child\" data-id=\"1d10342\" data-element_type=\"container\" data-e-type=\"container\">\n\t\t\t\t<div class=\"elementor-element elementor-element-3b33db8 elementor-widget elementor-widget-image\" data-id=\"3b33db8\" data-element_type=\"widget\" data-e-type=\"widget\" data-widget_type=\"image.default\">\n\t\t\t\t<div class=\"elementor-widget-container\">\n\t\t\t\t\t\t\t\t\t\t\t\t\t\t\t<img loading=\"lazy\" decoding=\"async\" width=\"393\" height=\"393\" src=\"https:\/\/theyachtbeach.com\/wp-content\/uploads\/2022\/12\/step-eva-heat.jpg\" class=\"attachment-large size-large wp-image-9332\" alt=\"\" srcset=\"https:\/\/theyachtbeach.com\/wp-content\/uploads\/2022\/12\/step-eva-heat.jpg 393w, https:\/\/theyachtbeach.com\/wp-content\/uploads\/2022\/12\/step-eva-heat-300x300.jpg 300w, https:\/\/theyachtbeach.com\/wp-content\/uploads\/2022\/12\/step-eva-heat-100x100.jpg 100w, https:\/\/theyachtbeach.com\/wp-content\/uploads\/2022\/12\/step-eva-heat-150x150.jpg 150w\" sizes=\"(max-width: 393px) 100vw, 393px\" \/>\t\t\t\t\t\t\t\t\t\t\t\t\t\t\t<\/div>\n\t\t\t\t<\/div>\n\t\t\t\t<\/div>\n\t\t<div class=\"elementor-element elementor-element-4e04e4d e-con-full e-flex e-con e-child\" data-id=\"4e04e4d\" data-element_type=\"container\" data-e-type=\"container\">\n\t\t\t\t<div class=\"elementor-element elementor-element-8f01f5f elementor-widget elementor-widget-image\" data-id=\"8f01f5f\" data-element_type=\"widget\" data-e-type=\"widget\" data-widget_type=\"image.default\">\n\t\t\t\t<div class=\"elementor-widget-container\">\n\t\t\t\t\t\t\t\t\t\t\t\t\t\t\t<img loading=\"lazy\" decoding=\"async\" width=\"370\" height=\"370\" src=\"https:\/\/theyachtbeach.com\/wp-content\/uploads\/2022\/12\/step-eva.jpg\" class=\"attachment-large size-large wp-image-9331\" alt=\"\" srcset=\"https:\/\/theyachtbeach.com\/wp-content\/uploads\/2022\/12\/step-eva.jpg 370w, https:\/\/theyachtbeach.com\/wp-content\/uploads\/2022\/12\/step-eva-300x300.jpg 300w, https:\/\/theyachtbeach.com\/wp-content\/uploads\/2022\/12\/step-eva-100x100.jpg 100w, https:\/\/theyachtbeach.com\/wp-content\/uploads\/2022\/12\/step-eva-150x150.jpg 150w\" sizes=\"(max-width: 370px) 100vw, 370px\" \/>\t\t\t\t\t\t\t\t\t\t\t\t\t\t\t<\/div>\n\t\t\t\t<\/div>\n\t\t\t\t<\/div>\n\t\t\t\t<\/div>\n\t\t\t\t<\/div>\n\t\t\t\t\t<\/div>\n\t\t\t\t<\/div>\n\t\t<div class=\"elementor-element elementor-element-c7059f3 e-flex e-con-boxed e-con e-parent\" data-id=\"c7059f3\" data-element_type=\"container\" data-e-type=\"container\">\n\t\t\t\t\t<div class=\"e-con-inner\">\n\t\t<div class=\"elementor-element elementor-element-7990b5a e-con-full e-flex e-con e-child\" data-id=\"7990b5a\" data-element_type=\"container\" data-e-type=\"container\">\n\t\t\t\t<div class=\"elementor-element elementor-element-d63ac2d elementor-widget elementor-widget-heading\" data-id=\"d63ac2d\" data-element_type=\"widget\" data-e-type=\"widget\" data-widget_type=\"heading.default\">\n\t\t\t\t<div class=\"elementor-widget-container\">\n\t\t\t\t\t<h1 class=\"elementor-heading-title elementor-size-default\"><span style=\"color: #88795f\">CUSTOM<\/span> PRODUKTE<\/h1>\t\t\t\t<\/div>\n\t\t\t\t<\/div>\n\t\t\t\t<div class=\"elementor-element elementor-element-71ded7b elementor-widget elementor-widget-text-editor\" data-id=\"71ded7b\" data-element_type=\"widget\" data-e-type=\"widget\" data-widget_type=\"text-editor.default\">\n\t\t\t\t<div class=\"elementor-widget-container\">\n\t\t\t\t\t\t\t\t\t<p class=\"translation-block\">Lassen Sie uns gemeinsam Ihre Tr\u00e4ume verwirklichen! Yachtrutschen, Kletterw\u00e4nde, Pools, Docks oder etwas anderes? Es gibt KEINE GRENZEN. YACHTBEACH bietet Ihnen unz\u00e4hlige M\u00f6glichkeiten, mehr zu schaffen: Raum, Freiheit und Spa\u00df!<\/p><p class=\"translation-block\">Dank unserer Erfahrung in der Wassersport- und Superyachtbranche sind wir in der Lage, innovative Produkte von h\u00f6chster Qualit\u00e4t zu entwickeln, die den hohen Anforderungen gerecht werden. Unser erfahrenes Team von POD International steht Ihnen vom ersten Schritt an mit Rat und Tat zur Seite.<\/p>\t\t\t\t\t\t\t\t<\/div>\n\t\t\t\t<\/div>\n\t\t\t\t<div class=\"elementor-element elementor-element-fdf03cb elementor-widget elementor-widget-image\" data-id=\"fdf03cb\" data-element_type=\"widget\" data-e-type=\"widget\" data-widget_type=\"image.default\">\n\t\t\t\t<div class=\"elementor-widget-container\">\n\t\t\t\t\t\t\t\t\t\t\t\t\t\t\t<img loading=\"lazy\" decoding=\"async\" width=\"836\" height=\"630\" src=\"https:\/\/theyachtbeach.com\/wp-content\/uploads\/2022\/12\/custom.png\" class=\"elementor-animation-grow attachment-full size-full wp-image-10772\" alt=\"\" srcset=\"https:\/\/theyachtbeach.com\/wp-content\/uploads\/2022\/12\/custom.png 836w, https:\/\/theyachtbeach.com\/wp-content\/uploads\/2022\/12\/custom-600x452.png 600w, https:\/\/theyachtbeach.com\/wp-content\/uploads\/2022\/12\/custom-300x226.png 300w, https:\/\/theyachtbeach.com\/wp-content\/uploads\/2022\/12\/custom-768x579.png 768w, https:\/\/theyachtbeach.com\/wp-content\/uploads\/2022\/12\/custom-150x113.png 150w\" sizes=\"(max-width: 836px) 100vw, 836px\" \/>\t\t\t\t\t\t\t\t\t\t\t\t\t\t\t<\/div>\n\t\t\t\t<\/div>\n\t\t\t\t<\/div>\n\t\t<div class=\"elementor-element elementor-element-47422f9 e-con-full e-flex e-con e-child\" data-id=\"47422f9\" data-element_type=\"container\" data-e-type=\"container\" data-settings=\"{&quot;background_background&quot;:&quot;classic&quot;}\">\n\t\t\t\t<div class=\"elementor-element elementor-element-76e9299 elementor-widget elementor-widget-heading\" data-id=\"76e9299\" data-element_type=\"widget\" data-e-type=\"widget\" data-widget_type=\"heading.default\">\n\t\t\t\t<div class=\"elementor-widget-container\">\n\t\t\t\t\t<h2 class=\"elementor-heading-title elementor-size-default\">Branding<\/h2>\t\t\t\t<\/div>\n\t\t\t\t<\/div>\n\t\t\t\t<div class=\"elementor-element elementor-element-4ad908e elementor-widget elementor-widget-text-editor\" data-id=\"4ad908e\" data-element_type=\"widget\" data-e-type=\"widget\" data-widget_type=\"text-editor.default\">\n\t\t\t\t<div class=\"elementor-widget-container\">\n\t\t\t\t\t\t\t\t\t<p>Bei YACHTBEACH bleibt kein Wunsch unerf\u00fcllt, wir k\u00f6nnen auf Wunsch den Namen Ihrer Yacht frei auf Ihren Plattformen platzieren. Ihre Yacht erscheint inklusive der Wasserspielfl\u00e4che in einer Farbe und einem Stil, wenn gew\u00fcnscht.\u00a0<\/p><p class=\"translation-block\">Wir k\u00f6nnen den Namen Ihrer Yacht, oder ein Logo auf Wunsch auf jedem Design platzieren \u2013 bei Yachtbeach bleibt kein Wunsch unerf\u00fcllt.<\/p>\t\t\t\t\t\t\t\t<\/div>\n\t\t\t\t<\/div>\n\t\t\t\t<div class=\"elementor-element elementor-element-2f5366d elementor-widget elementor-widget-image\" data-id=\"2f5366d\" data-element_type=\"widget\" data-e-type=\"widget\" data-widget_type=\"image.default\">\n\t\t\t\t<div class=\"elementor-widget-container\">\n\t\t\t\t\t\t\t\t\t\t\t\t\t\t\t<img loading=\"lazy\" decoding=\"async\" width=\"1920\" height=\"1080\" src=\"https:\/\/theyachtbeach.com\/wp-content\/uploads\/2022\/12\/custom-yachtbeach-02.jpg\" class=\"attachment-full size-full wp-image-9298\" alt=\"\" srcset=\"https:\/\/theyachtbeach.com\/wp-content\/uploads\/2022\/12\/custom-yachtbeach-02.jpg 1920w, https:\/\/theyachtbeach.com\/wp-content\/uploads\/2022\/12\/custom-yachtbeach-02-600x338.jpg 600w, https:\/\/theyachtbeach.com\/wp-content\/uploads\/2022\/12\/custom-yachtbeach-02-300x169.jpg 300w, https:\/\/theyachtbeach.com\/wp-content\/uploads\/2022\/12\/custom-yachtbeach-02-1024x576.jpg 1024w, https:\/\/theyachtbeach.com\/wp-content\/uploads\/2022\/12\/custom-yachtbeach-02-768x432.jpg 768w, https:\/\/theyachtbeach.com\/wp-content\/uploads\/2022\/12\/custom-yachtbeach-02-1536x864.jpg 1536w, https:\/\/theyachtbeach.com\/wp-content\/uploads\/2022\/12\/custom-yachtbeach-02-150x84.jpg 150w\" sizes=\"(max-width: 1920px) 100vw, 1920px\" \/>\t\t\t\t\t\t\t\t\t\t\t\t\t\t\t<\/div>\n\t\t\t\t<\/div>\n\t\t<div class=\"elementor-element elementor-element-16c7e8e e-flex e-con-boxed e-con e-child\" data-id=\"16c7e8e\" data-element_type=\"container\" data-e-type=\"container\" data-settings=\"{&quot;background_background&quot;:&quot;gradient&quot;}\">\n\t\t\t\t\t<div class=\"e-con-inner\">\n\t\t\t\t<div class=\"elementor-element elementor-element-3bc0700 elementor-widget elementor-widget-heading\" data-id=\"3bc0700\" data-element_type=\"widget\" data-e-type=\"widget\" data-widget_type=\"heading.default\">\n\t\t\t\t<div class=\"elementor-widget-container\">\n\t\t\t\t\t<h2 class=\"elementor-heading-title elementor-size-default\">INDIVIDUELL WIE SIE<\/h2>\t\t\t\t<\/div>\n\t\t\t\t<\/div>\n\t\t\t\t<div class=\"elementor-element elementor-element-8c498d4 elementor-widget elementor-widget-text-editor\" data-id=\"8c498d4\" data-element_type=\"widget\" data-e-type=\"widget\" data-widget_type=\"text-editor.default\">\n\t\t\t\t<div class=\"elementor-widget-container\">\n\t\t\t\t\t\t\t\t\t<p>Mit YACHTBEACH k\u00f6nnen Sie Ihre pers\u00f6nliche Wohlf\u00fchl-Insel gestalten. Ihre Vision ist unser Ansporn!<\/p>\t\t\t\t\t\t\t\t<\/div>\n\t\t\t\t<\/div>\n\t\t\t\t<div class=\"elementor-element elementor-element-e5e6dea elementor-align-left elementor-widget elementor-widget-button\" data-id=\"e5e6dea\" data-element_type=\"widget\" data-e-type=\"widget\" data-widget_type=\"button.default\">\n\t\t\t\t<div class=\"elementor-widget-container\">\n\t\t\t\t\t\t\t\t\t<div class=\"elementor-button-wrapper\">\n\t\t\t\t\t<a class=\"elementor-button elementor-button-link elementor-size-xs elementor-animation-bounce-in\" href=\"https:\/\/www.dropbox.com\/scl\/fi\/qeeicp0hvkvsav9wgaotv\/Yachtbeach-Yachtslide-Template.xlsx?rlkey=5dgia3w1ndqz43d841g4mzbwx&#038;dl=0\" target=\"_blank\">\n\t\t\t\t\t\t<span class=\"elementor-button-content-wrapper\">\n\t\t\t\t\t\t<span class=\"elementor-button-icon\">\n\t\t\t\t<svg aria-hidden=\"true\" class=\"e-font-icon-svg e-fas-draw-polygon\" viewbox=\"0 0 448 512\" xmlns=\"http:\/\/www.w3.org\/2000\/svg\"><path d=\"M384 352c-.35 0-.67.1-1.02.1l-39.2-65.32c5.07-9.17 8.22-19.56 8.22-30.78s-3.14-21.61-8.22-30.78l39.2-65.32c.35.01.67.1 1.02.1 35.35 0 64-28.65 64-64s-28.65-64-64-64c-23.63 0-44.04 12.95-55.12 32H119.12C108.04 44.95 87.63 32 64 32 28.65 32 0 60.65 0 96c0 23.63 12.95 44.04 32 55.12v209.75C12.95 371.96 0 392.37 0 416c0 35.35 28.65 64 64 64 23.63 0 44.04-12.95 55.12-32h209.75c11.09 19.05 31.49 32 55.12 32 35.35 0 64-28.65 64-64 .01-35.35-28.64-64-63.99-64zm-288 8.88V151.12A63.825 63.825 0 0 0 119.12 128h208.36l-38.46 64.1c-.35-.01-.67-.1-1.02-.1-35.35 0-64 28.65-64 64s28.65 64 64 64c.35 0 .67-.1 1.02-.1l38.46 64.1H119.12A63.748 63.748 0 0 0 96 360.88zM272 256c0-8.82 7.18-16 16-16s16 7.18 16 16-7.18 16-16 16-16-7.18-16-16zM400 96c0 8.82-7.18 16-16 16s-16-7.18-16-16 7.18-16 16-16 16 7.18 16 16zM64 80c8.82 0 16 7.18 16 16s-7.18 16-16 16-16-7.18-16-16 7.18-16 16-16zM48 416c0-8.82 7.18-16 16-16s16 7.18 16 16-7.18 16-16 16-16-7.18-16-16zm336 16c-8.82 0-16-7.18-16-16s7.18-16 16-16 16 7.18 16 16-7.18 16-16 16z\"><\/path><\/svg>\t\t\t<\/span>\n\t\t\t\t\t\t\t\t\t<span class=\"elementor-button-text\">Platform Builder \u00f6ffnen<\/span>\n\t\t\t\t\t<\/span>\n\t\t\t\t\t<\/a>\n\t\t\t\t<\/div>\n\t\t\t\t\t\t\t\t<\/div>\n\t\t\t\t<\/div>\n\t\t\t\t\t<\/div>\n\t\t\t\t<\/div>\n\t\t\t\t<\/div>\n\t\t\t\t\t<\/div>\n\t\t\t\t<\/div>\n\t\t<div class=\"elementor-element elementor-element-7e60964 e-flex e-con-boxed e-con e-parent\" data-id=\"7e60964\" data-element_type=\"container\" data-e-type=\"container\">\n\t\t\t\t\t<div class=\"e-con-inner\">\n\t\t<div class=\"elementor-element elementor-element-cef78ae e-con-full e-flex e-con e-child\" data-id=\"cef78ae\" data-element_type=\"container\" data-e-type=\"container\" data-settings=\"{&quot;background_background&quot;:&quot;classic&quot;}\">\n\t\t\t\t<div class=\"elementor-element elementor-element-bf3f881 elementor-widget elementor-widget-heading\" data-id=\"bf3f881\" data-element_type=\"widget\" data-e-type=\"widget\" data-widget_type=\"heading.default\">\n\t\t\t\t<div class=\"elementor-widget-container\">\n\t\t\t\t\t<h2 class=\"elementor-heading-title elementor-size-default\">Material<\/h2>\t\t\t\t<\/div>\n\t\t\t\t<\/div>\n\t\t\t\t<div class=\"elementor-element elementor-element-c134716 elementor-widget elementor-widget-text-editor\" data-id=\"c134716\" data-element_type=\"widget\" data-e-type=\"widget\" data-widget_type=\"text-editor.default\">\n\t\t\t\t<div class=\"elementor-widget-container\">\n\t\t\t\t\t\t\t\t\t<p class=\"translation-block\">Deutsche Unternehmen und ihre Produkte haben einen guten Ruf. Dem wollen wir gerecht werden und verwenden nur die innovativsten und hochwertigsten Rohstoffe f\u00fcr unsere Produkte. Nur Stoffe, die alle Tests wie Sequenzierfestigkeit, UV-Best\u00e4ndigkeit, Riptests, Langlebigkeit bestanden haben, werden in die umfangreiche Auswahl aufgenommen. Bei unseren D-Ringen verwenden wir nur salzwasserbest\u00e4ndigen Stahl.<\/p>\t\t\t\t\t\t\t\t<\/div>\n\t\t\t\t<\/div>\n\t\t\t\t<div class=\"elementor-element elementor-element-e4999d3 elementor-widget elementor-widget-text-editor\" data-id=\"e4999d3\" data-element_type=\"widget\" data-e-type=\"widget\" data-widget_type=\"text-editor.default\">\n\t\t\t\t<div class=\"elementor-widget-container\">\n\t\t\t\t\t\t\t\t\t<p class=\"translation-block\">PVC, PVA werden nach deutschen Standards ausgew\u00e4hlt. Langlebigkeit, h\u00f6chste Qualit\u00e4t und Material ist unsere Priorit\u00e4t.<\/p>\t\t\t\t\t\t\t\t<\/div>\n\t\t\t\t<\/div>\n\t\t\t\t<div class=\"elementor-element elementor-element-dc9173f elementor-widget elementor-widget-button\" data-id=\"dc9173f\" data-element_type=\"widget\" data-e-type=\"widget\" data-widget_type=\"button.default\">\n\t\t\t\t<div class=\"elementor-widget-container\">\n\t\t\t\t\t\t\t\t\t<div class=\"elementor-button-wrapper\">\n\t\t\t\t\t<a class=\"elementor-button elementor-button-link elementor-size-sm\" href=\"https:\/\/theyachtbeach.com\/de\/contact\/\">\n\t\t\t\t\t\t<span class=\"elementor-button-content-wrapper\">\n\t\t\t\t\t\t\t\t\t<span class=\"elementor-button-text\">Kontakt aufnehmen!<\/span>\n\t\t\t\t\t<\/span>\n\t\t\t\t\t<\/a>\n\t\t\t\t<\/div>\n\t\t\t\t\t\t\t\t<\/div>\n\t\t\t\t<\/div>\n\t\t\t\t<\/div>\n\t\t<div class=\"elementor-element elementor-element-e691b7b e-con-full e-flex e-con e-child\" data-id=\"e691b7b\" data-element_type=\"container\" data-e-type=\"container\">\n\t\t\t\t<div class=\"elementor-element elementor-element-2addba2 elementor-widget elementor-widget-image\" data-id=\"2addba2\" data-element_type=\"widget\" data-e-type=\"widget\" data-widget_type=\"image.default\">\n\t\t\t\t<div class=\"elementor-widget-container\">\n\t\t\t\t\t\t\t\t\t\t\t\t\t\t\t<img loading=\"lazy\" decoding=\"async\" width=\"800\" height=\"450\" src=\"https:\/\/theyachtbeach.com\/wp-content\/uploads\/2022\/12\/custom-yachtbeach-01-1024x576.jpg\" class=\"attachment-large size-large wp-image-9297\" alt=\"\" srcset=\"https:\/\/theyachtbeach.com\/wp-content\/uploads\/2022\/12\/custom-yachtbeach-01-1024x576.jpg 1024w, https:\/\/theyachtbeach.com\/wp-content\/uploads\/2022\/12\/custom-yachtbeach-01-600x338.jpg 600w, https:\/\/theyachtbeach.com\/wp-content\/uploads\/2022\/12\/custom-yachtbeach-01-300x169.jpg 300w, https:\/\/theyachtbeach.com\/wp-content\/uploads\/2022\/12\/custom-yachtbeach-01-768x432.jpg 768w, https:\/\/theyachtbeach.com\/wp-content\/uploads\/2022\/12\/custom-yachtbeach-01-1536x864.jpg 1536w, https:\/\/theyachtbeach.com\/wp-content\/uploads\/2022\/12\/custom-yachtbeach-01-150x84.jpg 150w, https:\/\/theyachtbeach.com\/wp-content\/uploads\/2022\/12\/custom-yachtbeach-01.jpg 1920w\" sizes=\"(max-width: 800px) 100vw, 800px\" \/>\t\t\t\t\t\t\t\t\t\t\t\t\t\t\t<\/div>\n\t\t\t\t<\/div>\n\t\t\t\t<\/div>\n\t\t\t\t\t<\/div>\n\t\t\t\t<\/div>\n\t\t\t\t<\/div>","protected":false},"excerpt":{"rendered":"<p>Custom Climbing Walls All climbing walls are custom fitted to each yacht. They can be built in any size or colour and have logos added, as needed. Our custom climbin walls are the perfect solution to get back onto the yacht after jumping or sliding down. We could create the perfect solution for the young [&hellip;]<\/p>\n","protected":false},"author":1,"featured_media":0,"parent":0,"menu_order":0,"comment_status":"closed","ping_status":"closed","template":"elementor_header_footer","meta":{"_seopress_robots_primary_cat":"","_seopress_titles_title":"","_seopress_titles_desc":"","_seopress_robots_index":"","footnotes":""},"class_list":["post-10643","page","type-page","status-publish","hentry"],"_links":{"self":[{"href":"https:\/\/theyachtbeach.com\/de\/wp-json\/wp\/v2\/pages\/10643","targetHints":{"allow":["GET"]}}],"collection":[{"href":"https:\/\/theyachtbeach.com\/de\/wp-json\/wp\/v2\/pages"}],"about":[{"href":"https:\/\/theyachtbeach.com\/de\/wp-json\/wp\/v2\/types\/page"}],"author":[{"embeddable":true,"href":"https:\/\/theyachtbeach.com\/de\/wp-json\/wp\/v2\/users\/1"}],"replies":[{"embeddable":true,"href":"https:\/\/theyachtbeach.com\/de\/wp-json\/wp\/v2\/comments?post=10643"}],"version-history":[{"count":0,"href":"https:\/\/theyachtbeach.com\/de\/wp-json\/wp\/v2\/pages\/10643\/revisions"}],"wp:attachment":[{"href":"https:\/\/theyachtbeach.com\/de\/wp-json\/wp\/v2\/media?parent=10643"}],"curies":[{"name":"wp","href":"https:\/\/api.w.org\/{rel}","templated":true}]}}