{"id":12589,"date":"2023-07-11T08:52:33","date_gmt":"2023-07-11T06:52:33","guid":{"rendered":"https:\/\/theyachtbeach.com\/?page_id=12589"},"modified":"2024-02-20T13:20:37","modified_gmt":"2024-02-20T12:20:37","slug":"customsteps","status":"publish","type":"page","link":"https:\/\/theyachtbeach.com\/de\/customsteps\/","title":{"rendered":"customsteps"},"content":{"rendered":"<div data-elementor-type=\"wp-page\" data-elementor-id=\"12589\" class=\"elementor elementor-12589\" data-elementor-post-type=\"page\">\n\t\t\t\t<div class=\"elementor-element elementor-element-4deee802 e-flex e-con-boxed e-con e-parent\" data-id=\"4deee802\" data-element_type=\"container\" data-e-type=\"container\" data-settings=\"{&quot;background_background&quot;:&quot;classic&quot;}\">\n\t\t\t\t\t<div class=\"e-con-inner\">\n\t\t\t\t\t<\/div>\n\t\t\t\t<\/div>\n\t\t<div class=\"elementor-element elementor-element-f082d8a e-flex e-con-boxed e-con e-parent\" data-id=\"f082d8a\" data-element_type=\"container\" data-e-type=\"container\">\n\t\t\t\t\t<div class=\"e-con-inner\">\n\t\t<div class=\"elementor-element elementor-element-5300648 e-con-full e-flex e-con e-child\" data-id=\"5300648\" data-element_type=\"container\" data-e-type=\"container\">\n\t\t\t\t<div class=\"elementor-element elementor-element-0731774 elementor-widget elementor-widget-heading\" data-id=\"0731774\" data-element_type=\"widget\" data-e-type=\"widget\" data-widget_type=\"heading.default\">\n\t\t\t\t<div class=\"elementor-widget-container\">\n\t\t\t\t\t<h1 class=\"elementor-heading-title elementor-size-default\"><span style=\"color: #88795f\">CUSTOM<\/span>  Platform Premium Teak step 1.6x0.5m<\/h1>\t\t\t\t<\/div>\n\t\t\t\t<\/div>\n\t\t\t\t<div class=\"elementor-element elementor-element-22054ae elementor-widget__width-initial elementor-widget elementor-widget-text-editor\" data-id=\"22054ae\" data-element_type=\"widget\" data-e-type=\"widget\" data-widget_type=\"text-editor.default\">\n\t\t\t\t<div class=\"elementor-widget-container\">\n\t\t\t\t\t\t\t\t\t<p>Diese exklusive Premium Teak Stufe f\u00fcr die YACHTBEACH Plattform wurde als Add-on entwickelt, um Ihnen gro\u00dfen Komfort auf dem Wasser zu bieten. Wenn Ihre Yacht \u00fcber eine erh\u00f6hte Badeplattform verf\u00fcgt, ist die YACHTBEACH Plattform Premium Teak Step die perfekte L\u00f6sung, um Ihre Yacht einfach und sicher zu besteigen.<\/p><p>Mit einer Gesamtl\u00e4nge von 1,60 m, einer Breite von 50 cm und einer H\u00f6he von 20 cm ist die Plattform stabil genug, dass eine Person mit Leichtigkeit darauf stehen kann.<\/p><p>(Wenn Sie andere Ma\u00dfe w\u00fcnschen, k\u00f6nnen diese von uns leicht als Sonderanfertigung realisiert werden)<\/p>\t\t\t\t\t\t\t\t<\/div>\n\t\t\t\t<\/div>\n\t\t\t\t<div class=\"elementor-element elementor-element-f655dc4 elementor-widget elementor-widget-image-gallery\" data-id=\"f655dc4\" data-element_type=\"widget\" data-e-type=\"widget\" data-widget_type=\"image-gallery.default\">\n\t\t\t\t<div class=\"elementor-widget-container\">\n\t\t\t\t\t\t\t<div class=\"elementor-image-gallery\">\n\t\t\t<div id='gallery-1' class='gallery galleryid-12589 gallery-columns-4 gallery-size-medium'><figure class='gallery-item'>\n\t\t\t<div class='gallery-icon landscape'>\n\t\t\t\t<a data-elementor-open-lightbox=\"yes\" data-elementor-lightbox-slideshow=\"f655dc4\" data-elementor-lightbox-title=\"IMG_20230706_083940\" data-e-action-hash=\"#elementor-action%3Aaction%3Dlightbox%26settings%3DeyJpZCI6MTI2MTUsInVybCI6Imh0dHBzOlwvXC90aGV5YWNodGJlYWNoLmNvbVwvd3AtY29udGVudFwvdXBsb2Fkc1wvMjAyM1wvMDdcL0lNR18yMDIzMDcwNl8wODM5NDAuanBnIiwic2xpZGVzaG93IjoiZjY1NWRjNCJ9\" href='https:\/\/theyachtbeach.com\/wp-content\/uploads\/2023\/07\/IMG_20230706_083940.jpg'><img fetchpriority=\"high\" decoding=\"async\" width=\"300\" height=\"225\" src=\"https:\/\/theyachtbeach.com\/wp-content\/uploads\/2023\/07\/IMG_20230706_083940-300x225.jpg\" class=\"attachment-medium size-medium\" alt=\"\" srcset=\"https:\/\/theyachtbeach.com\/wp-content\/uploads\/2023\/07\/IMG_20230706_083940-300x225.jpg 300w, https:\/\/theyachtbeach.com\/wp-content\/uploads\/2023\/07\/IMG_20230706_083940-600x450.jpg 600w, https:\/\/theyachtbeach.com\/wp-content\/uploads\/2023\/07\/IMG_20230706_083940-1024x768.jpg 1024w, https:\/\/theyachtbeach.com\/wp-content\/uploads\/2023\/07\/IMG_20230706_083940-768x576.jpg 768w, https:\/\/theyachtbeach.com\/wp-content\/uploads\/2023\/07\/IMG_20230706_083940-150x112.jpg 150w, https:\/\/theyachtbeach.com\/wp-content\/uploads\/2023\/07\/IMG_20230706_083940.jpg 1150w\" sizes=\"(max-width: 300px) 100vw, 300px\" \/><\/a>\n\t\t\t<\/div><\/figure><figure class='gallery-item'>\n\t\t\t<div class='gallery-icon portrait'>\n\t\t\t\t<a data-elementor-open-lightbox=\"yes\" data-elementor-lightbox-slideshow=\"f655dc4\" data-elementor-lightbox-title=\"IMG_20230707_171408\" data-e-action-hash=\"#elementor-action%3Aaction%3Dlightbox%26settings%3DeyJpZCI6MTI2MTYsInVybCI6Imh0dHBzOlwvXC90aGV5YWNodGJlYWNoLmNvbVwvd3AtY29udGVudFwvdXBsb2Fkc1wvMjAyM1wvMDdcL0lNR18yMDIzMDcwN18xNzE0MDgtMS5qcGciLCJzbGlkZXNob3ciOiJmNjU1ZGM0In0%3D\" href='https:\/\/theyachtbeach.com\/wp-content\/uploads\/2023\/07\/IMG_20230707_171408-1.jpg'><img decoding=\"async\" width=\"225\" height=\"300\" src=\"https:\/\/theyachtbeach.com\/wp-content\/uploads\/2023\/07\/IMG_20230707_171408-1-225x300.jpg\" class=\"attachment-medium size-medium\" alt=\"\" srcset=\"https:\/\/theyachtbeach.com\/wp-content\/uploads\/2023\/07\/IMG_20230707_171408-1-225x300.jpg 225w, https:\/\/theyachtbeach.com\/wp-content\/uploads\/2023\/07\/IMG_20230707_171408-1-600x800.jpg 600w, https:\/\/theyachtbeach.com\/wp-content\/uploads\/2023\/07\/IMG_20230707_171408-1-768x1024.jpg 768w, https:\/\/theyachtbeach.com\/wp-content\/uploads\/2023\/07\/IMG_20230707_171408-1-150x200.jpg 150w, https:\/\/theyachtbeach.com\/wp-content\/uploads\/2023\/07\/IMG_20230707_171408-1.jpg 900w\" sizes=\"(max-width: 225px) 100vw, 225px\" \/><\/a>\n\t\t\t<\/div><\/figure><figure class='gallery-item'>\n\t\t\t<div class='gallery-icon landscape'>\n\t\t\t\t<a data-elementor-open-lightbox=\"yes\" data-elementor-lightbox-slideshow=\"f655dc4\" data-elementor-lightbox-title=\"IMG_20230707_172113\" data-e-action-hash=\"#elementor-action%3Aaction%3Dlightbox%26settings%3DeyJpZCI6MTI2MTcsInVybCI6Imh0dHBzOlwvXC90aGV5YWNodGJlYWNoLmNvbVwvd3AtY29udGVudFwvdXBsb2Fkc1wvMjAyM1wvMDdcL0lNR18yMDIzMDcwN18xNzIxMTMuanBnIiwic2xpZGVzaG93IjoiZjY1NWRjNCJ9\" href='https:\/\/theyachtbeach.com\/wp-content\/uploads\/2023\/07\/IMG_20230707_172113.jpg'><img decoding=\"async\" width=\"300\" height=\"225\" src=\"https:\/\/theyachtbeach.com\/wp-content\/uploads\/2023\/07\/IMG_20230707_172113-300x225.jpg\" class=\"attachment-medium size-medium\" alt=\"\" srcset=\"https:\/\/theyachtbeach.com\/wp-content\/uploads\/2023\/07\/IMG_20230707_172113-300x225.jpg 300w, https:\/\/theyachtbeach.com\/wp-content\/uploads\/2023\/07\/IMG_20230707_172113-600x450.jpg 600w, https:\/\/theyachtbeach.com\/wp-content\/uploads\/2023\/07\/IMG_20230707_172113-1024x768.jpg 1024w, https:\/\/theyachtbeach.com\/wp-content\/uploads\/2023\/07\/IMG_20230707_172113-768x576.jpg 768w, https:\/\/theyachtbeach.com\/wp-content\/uploads\/2023\/07\/IMG_20230707_172113-150x113.jpg 150w, https:\/\/theyachtbeach.com\/wp-content\/uploads\/2023\/07\/IMG_20230707_172113.jpg 1200w\" sizes=\"(max-width: 300px) 100vw, 300px\" \/><\/a>\n\t\t\t<\/div><\/figure><figure class='gallery-item'>\n\t\t\t<div class='gallery-icon landscape'>\n\t\t\t\t<a data-elementor-open-lightbox=\"yes\" data-elementor-lightbox-slideshow=\"f655dc4\" data-elementor-lightbox-title=\"DSC_4288\" data-e-action-hash=\"#elementor-action%3Aaction%3Dlightbox%26settings%3DeyJpZCI6MTI2MTQsInVybCI6Imh0dHBzOlwvXC90aGV5YWNodGJlYWNoLmNvbVwvd3AtY29udGVudFwvdXBsb2Fkc1wvMjAyM1wvMDdcL0RTQ180Mjg4LmpwZyIsInNsaWRlc2hvdyI6ImY2NTVkYzQifQ%3D%3D\" href='https:\/\/theyachtbeach.com\/wp-content\/uploads\/2023\/07\/DSC_4288.jpg'><img loading=\"lazy\" decoding=\"async\" width=\"300\" height=\"200\" src=\"https:\/\/theyachtbeach.com\/wp-content\/uploads\/2023\/07\/DSC_4288-300x200.jpg\" class=\"attachment-medium size-medium\" alt=\"\" srcset=\"https:\/\/theyachtbeach.com\/wp-content\/uploads\/2023\/07\/DSC_4288-300x200.jpg 300w, https:\/\/theyachtbeach.com\/wp-content\/uploads\/2023\/07\/DSC_4288-600x400.jpg 600w, https:\/\/theyachtbeach.com\/wp-content\/uploads\/2023\/07\/DSC_4288-1024x683.jpg 1024w, https:\/\/theyachtbeach.com\/wp-content\/uploads\/2023\/07\/DSC_4288-768x512.jpg 768w, https:\/\/theyachtbeach.com\/wp-content\/uploads\/2023\/07\/DSC_4288-150x100.jpg 150w, https:\/\/theyachtbeach.com\/wp-content\/uploads\/2023\/07\/DSC_4288.jpg 1200w\" sizes=\"(max-width: 300px) 100vw, 300px\" \/><\/a>\n\t\t\t<\/div><\/figure><figure class='gallery-item'>\n\t\t\t<div class='gallery-icon landscape'>\n\t\t\t\t<a data-elementor-open-lightbox=\"yes\" data-elementor-lightbox-slideshow=\"f655dc4\" data-elementor-lightbox-title=\"DSC_4275\" data-e-action-hash=\"#elementor-action%3Aaction%3Dlightbox%26settings%3DeyJpZCI6MTI2MTEsInVybCI6Imh0dHBzOlwvXC90aGV5YWNodGJlYWNoLmNvbVwvd3AtY29udGVudFwvdXBsb2Fkc1wvMjAyM1wvMDdcL0RTQ180Mjc1LmpwZyIsInNsaWRlc2hvdyI6ImY2NTVkYzQifQ%3D%3D\" href='https:\/\/theyachtbeach.com\/wp-content\/uploads\/2023\/07\/DSC_4275.jpg'><img loading=\"lazy\" decoding=\"async\" width=\"300\" height=\"300\" src=\"https:\/\/theyachtbeach.com\/wp-content\/uploads\/2023\/07\/DSC_4275-300x300.jpg\" class=\"attachment-medium size-medium\" alt=\"\" srcset=\"https:\/\/theyachtbeach.com\/wp-content\/uploads\/2023\/07\/DSC_4275-300x300.jpg 300w, https:\/\/theyachtbeach.com\/wp-content\/uploads\/2023\/07\/DSC_4275-100x100.jpg 100w, https:\/\/theyachtbeach.com\/wp-content\/uploads\/2023\/07\/DSC_4275-600x600.jpg 600w, https:\/\/theyachtbeach.com\/wp-content\/uploads\/2023\/07\/DSC_4275-150x150.jpg 150w, https:\/\/theyachtbeach.com\/wp-content\/uploads\/2023\/07\/DSC_4275-768x768.jpg 768w, https:\/\/theyachtbeach.com\/wp-content\/uploads\/2023\/07\/DSC_4275.jpg 838w\" sizes=\"(max-width: 300px) 100vw, 300px\" \/><\/a>\n\t\t\t<\/div><\/figure><figure class='gallery-item'>\n\t\t\t<div class='gallery-icon landscape'>\n\t\t\t\t<a data-elementor-open-lightbox=\"yes\" data-elementor-lightbox-slideshow=\"f655dc4\" data-elementor-lightbox-title=\"DSC_4280\" data-e-action-hash=\"#elementor-action%3Aaction%3Dlightbox%26settings%3DeyJpZCI6MTI2MTIsInVybCI6Imh0dHBzOlwvXC90aGV5YWNodGJlYWNoLmNvbVwvd3AtY29udGVudFwvdXBsb2Fkc1wvMjAyM1wvMDdcL0RTQ180MjgwLmpwZyIsInNsaWRlc2hvdyI6ImY2NTVkYzQifQ%3D%3D\" href='https:\/\/theyachtbeach.com\/wp-content\/uploads\/2023\/07\/DSC_4280.jpg'><img loading=\"lazy\" decoding=\"async\" width=\"300\" height=\"200\" src=\"https:\/\/theyachtbeach.com\/wp-content\/uploads\/2023\/07\/DSC_4280-300x200.jpg\" class=\"attachment-medium size-medium\" alt=\"\" srcset=\"https:\/\/theyachtbeach.com\/wp-content\/uploads\/2023\/07\/DSC_4280-300x200.jpg 300w, https:\/\/theyachtbeach.com\/wp-content\/uploads\/2023\/07\/DSC_4280-600x400.jpg 600w, https:\/\/theyachtbeach.com\/wp-content\/uploads\/2023\/07\/DSC_4280-1024x683.jpg 1024w, https:\/\/theyachtbeach.com\/wp-content\/uploads\/2023\/07\/DSC_4280-768x512.jpg 768w, https:\/\/theyachtbeach.com\/wp-content\/uploads\/2023\/07\/DSC_4280-150x100.jpg 150w, https:\/\/theyachtbeach.com\/wp-content\/uploads\/2023\/07\/DSC_4280.jpg 1200w\" sizes=\"(max-width: 300px) 100vw, 300px\" \/><\/a>\n\t\t\t<\/div><\/figure><figure class='gallery-item'>\n\t\t\t<div class='gallery-icon landscape'>\n\t\t\t\t<a data-elementor-open-lightbox=\"yes\" data-elementor-lightbox-slideshow=\"f655dc4\" data-elementor-lightbox-title=\"DSC_4283\" data-e-action-hash=\"#elementor-action%3Aaction%3Dlightbox%26settings%3DeyJpZCI6MTI2MTMsInVybCI6Imh0dHBzOlwvXC90aGV5YWNodGJlYWNoLmNvbVwvd3AtY29udGVudFwvdXBsb2Fkc1wvMjAyM1wvMDdcL0RTQ180MjgzLmpwZyIsInNsaWRlc2hvdyI6ImY2NTVkYzQifQ%3D%3D\" href='https:\/\/theyachtbeach.com\/wp-content\/uploads\/2023\/07\/DSC_4283.jpg'><img loading=\"lazy\" decoding=\"async\" width=\"300\" height=\"200\" src=\"https:\/\/theyachtbeach.com\/wp-content\/uploads\/2023\/07\/DSC_4283-300x200.jpg\" class=\"attachment-medium size-medium\" alt=\"\" srcset=\"https:\/\/theyachtbeach.com\/wp-content\/uploads\/2023\/07\/DSC_4283-300x200.jpg 300w, https:\/\/theyachtbeach.com\/wp-content\/uploads\/2023\/07\/DSC_4283-600x400.jpg 600w, https:\/\/theyachtbeach.com\/wp-content\/uploads\/2023\/07\/DSC_4283-1024x683.jpg 1024w, https:\/\/theyachtbeach.com\/wp-content\/uploads\/2023\/07\/DSC_4283-768x512.jpg 768w, https:\/\/theyachtbeach.com\/wp-content\/uploads\/2023\/07\/DSC_4283-150x100.jpg 150w, https:\/\/theyachtbeach.com\/wp-content\/uploads\/2023\/07\/DSC_4283.jpg 1200w\" sizes=\"(max-width: 300px) 100vw, 300px\" \/><\/a>\n\t\t\t<\/div><\/figure>\n\t\t<\/div>\n\t\t<\/div>\n\t\t\t\t\t\t<\/div>\n\t\t\t\t<\/div>\n\t\t\t\t<div class=\"elementor-element elementor-element-21ee220 elementor-widget__width-initial elementor-widget-tablet__width-inherit elementor-widget elementor-widget-text-editor\" data-id=\"21ee220\" data-element_type=\"widget\" data-e-type=\"widget\" data-widget_type=\"text-editor.default\">\n\t\t\t\t<div class=\"elementor-widget-container\">\n\t\t\t\t\t\t\t\t\t<h4><b>Es gibt zwei M\u00f6glichkeiten, die YACHTBEACH Plattform Premium Teak Step zu installieren:<\/b><\/h4><ul><li class=\"translation-block\">Bei der ersten M\u00f6glichkeit befestigen Sie die Plattform mit den mitgelieferten Riemen auf Ihrer YACHTBEACH Standardplattform. Diese Methode ist schnell und einfach zu machen. Die Riemen verbinden die Stufe fest mit der Plattform und sind dennoch flexibel genug, um sie bei Bedarf in eine andere Position zu bringen.<\/li><li class=\"translation-block\">Zweite M\u00f6glichkeit. Wenn Sie bereits eine ma\u00dfgefertigte Plattform haben, k\u00f6nnen Sie die Stufe mit den D-Ringen oder Karabinerhaken befestigen.<\/li><\/ul><div>\u00a0<\/div><p>Unsere Standardplattformen verf\u00fcgen nicht \u00fcber die erforderlichen D-Ringe, aber wir k\u00f6nnen Ihnen eine ma\u00dfgeschneiderte Plattform mit integrierten Befestigungspunkten anbieten.\u00a0<\/p><p>Wenn Sie sich f\u00fcr diese Variante entscheiden, haben Sie eine breitere Einstiegsplattform und die YACHTBEACH Premium Teak-Treppe passt besser und sicherer auf die YACHTBEACH-Plattform, um Ihren n\u00e4chsten Schritt zu sichern.<\/p><p>Egal f\u00fcr welche Option Sie sich entscheiden. Die Yachtbeach Plattform Premium Teak Step wird Ihr t\u00e4gliches Leben an Bord grundlegend ver\u00e4ndern.<\/p><p>Mit unseren Premium YACHTBEACH Produkten erweitern Sie Ihre M\u00f6glichkeiten an Bord, ob es um Stauraum, Komfort oder einfach nur um pure Eleganz f\u00fcr Ihren n\u00e4chsten Yachturlaub geht.<\/p>\t\t\t\t\t\t\t\t<\/div>\n\t\t\t\t<\/div>\n\t\t\t\t<div class=\"elementor-element elementor-element-adbe955 elementor-align-center elementor-widget elementor-widget-button\" data-id=\"adbe955\" data-element_type=\"widget\" data-e-type=\"widget\" data-widget_type=\"button.default\">\n\t\t\t\t<div class=\"elementor-widget-container\">\n\t\t\t\t\t\t\t\t\t<div class=\"elementor-button-wrapper\">\n\t\t\t\t\t<a class=\"elementor-button elementor-button-link elementor-size-xs\" href=\"https:\/\/theyachtbeach.com\/de\/contact\/\">\n\t\t\t\t\t\t<span class=\"elementor-button-content-wrapper\">\n\t\t\t\t\t\t<span class=\"elementor-button-icon\">\n\t\t\t\t<svg aria-hidden=\"true\" class=\"e-font-icon-svg e-far-caret-square-right\" viewbox=\"0 0 448 512\" xmlns=\"http:\/\/www.w3.org\/2000\/svg\"><path d=\"M176 354.9V157.1c0-10.7 13-16.1 20.5-8.5l98.3 98.9c4.7 4.7 4.7 12.2 0 16.9l-98.3 98.9c-7.5 7.7-20.5 2.3-20.5-8.4zM448 80v352c0 26.5-21.5 48-48 48H48c-26.5 0-48-21.5-48-48V80c0-26.5 21.5-48 48-48h352c26.5 0 48 21.5 48 48zm-48 346V86c0-3.3-2.7-6-6-6H54c-3.3 0-6 2.7-6 6v340c0 3.3 2.7 6 6 6h340c3.3 0 6-2.7 6-6z\"><\/path><\/svg>\t\t\t<\/span>\n\t\t\t\t\t\t\t\t\t<span class=\"elementor-button-text\">Angebot einholen!<\/span>\n\t\t\t\t\t<\/span>\n\t\t\t\t\t<\/a>\n\t\t\t\t<\/div>\n\t\t\t\t\t\t\t\t<\/div>\n\t\t\t\t<\/div>\n\t\t\t\t<\/div>\n\t\t\t\t\t<\/div>\n\t\t\t\t<\/div>\n\t\t\t\t<\/div>","protected":false},"excerpt":{"rendered":"<p>Custom Platform Premium Teak step 1.6&#215;0.5m This exclusive ad on Yachtbeach Platform Premium Teak Step was \u00a0exclusivly \u00a0designed to offer you great comfort on the water. If your yacht has a raised bathing platform that Yachtbeach Plattform Premium Teak Step is the perfect match to board your yacht easily and safely. With an overall length [&hellip;]<\/p>\n","protected":false},"author":1,"featured_media":0,"parent":0,"menu_order":0,"comment_status":"closed","ping_status":"closed","template":"elementor_header_footer","meta":{"_seopress_robots_primary_cat":"","_seopress_titles_title":"","_seopress_titles_desc":"","_seopress_robots_index":"","footnotes":""},"class_list":["post-12589","page","type-page","status-publish","hentry"],"_links":{"self":[{"href":"https:\/\/theyachtbeach.com\/de\/wp-json\/wp\/v2\/pages\/12589","targetHints":{"allow":["GET"]}}],"collection":[{"href":"https:\/\/theyachtbeach.com\/de\/wp-json\/wp\/v2\/pages"}],"about":[{"href":"https:\/\/theyachtbeach.com\/de\/wp-json\/wp\/v2\/types\/page"}],"author":[{"embeddable":true,"href":"https:\/\/theyachtbeach.com\/de\/wp-json\/wp\/v2\/users\/1"}],"replies":[{"embeddable":true,"href":"https:\/\/theyachtbeach.com\/de\/wp-json\/wp\/v2\/comments?post=12589"}],"version-history":[{"count":0,"href":"https:\/\/theyachtbeach.com\/de\/wp-json\/wp\/v2\/pages\/12589\/revisions"}],"wp:attachment":[{"href":"https:\/\/theyachtbeach.com\/de\/wp-json\/wp\/v2\/media?parent=12589"}],"curies":[{"name":"wp","href":"https:\/\/api.w.org\/{rel}","templated":true}]}}