{"id":7226,"date":"2022-11-15T14:41:47","date_gmt":"2022-11-15T13:41:47","guid":{"rendered":"https:\/\/yb2023.psychold.de\/?page_id=7226"},"modified":"2022-11-16T22:23:31","modified_gmt":"2022-11-16T21:23:31","slug":"imprint","status":"publish","type":"page","link":"https:\/\/theyachtbeach.com\/de\/imprint\/","title":{"rendered":"Impressum"},"content":{"rendered":"<div data-elementor-type=\"wp-page\" data-elementor-id=\"7226\" class=\"elementor elementor-7226\" data-elementor-post-type=\"page\">\n\t\t\t\t\t\t<section class=\"elementor-section elementor-top-section elementor-element elementor-element-596cd1ee elementor-section-boxed elementor-section-height-default elementor-section-height-default\" data-id=\"596cd1ee\" data-element_type=\"section\" data-e-type=\"section\">\n\t\t\t\t\t\t<div class=\"elementor-container elementor-column-gap-default\">\n\t\t\t\t\t<div class=\"elementor-column elementor-col-100 elementor-top-column elementor-element elementor-element-5f45e8f5\" data-id=\"5f45e8f5\" data-element_type=\"column\" data-e-type=\"column\">\n\t\t\t<div class=\"elementor-widget-wrap elementor-element-populated\">\n\t\t\t\t\t\t<div class=\"elementor-element elementor-element-4f975e19 elementor-widget elementor-widget-spacer\" data-id=\"4f975e19\" data-element_type=\"widget\" data-e-type=\"widget\" data-widget_type=\"spacer.default\">\n\t\t\t\t<div class=\"elementor-widget-container\">\n\t\t\t\t\t\t\t<div class=\"elementor-spacer\">\n\t\t\t<div class=\"elementor-spacer-inner\"><\/div>\n\t\t<\/div>\n\t\t\t\t\t\t<\/div>\n\t\t\t\t<\/div>\n\t\t\t\t<section class=\"elementor-section elementor-inner-section elementor-element elementor-element-6a343059 elementor-section-boxed elementor-section-height-default elementor-section-height-default\" data-id=\"6a343059\" data-element_type=\"section\" data-e-type=\"section\">\n\t\t\t\t\t\t<div class=\"elementor-container elementor-column-gap-default\">\n\t\t\t\t\t<div class=\"elementor-column elementor-col-33 elementor-inner-column elementor-element elementor-element-576c816\" data-id=\"576c816\" data-element_type=\"column\" data-e-type=\"column\">\n\t\t\t<div class=\"elementor-widget-wrap\">\n\t\t\t\t\t\t\t<\/div>\n\t\t<\/div>\n\t\t\t\t<div class=\"elementor-column elementor-col-33 elementor-inner-column elementor-element elementor-element-36bc8954\" data-id=\"36bc8954\" data-element_type=\"column\" data-e-type=\"column\">\n\t\t\t<div class=\"elementor-widget-wrap elementor-element-populated\">\n\t\t\t\t\t\t<div class=\"elementor-element elementor-element-79a6b632 elementor-widget elementor-widget-image\" data-id=\"79a6b632\" data-element_type=\"widget\" data-e-type=\"widget\" data-widget_type=\"image.default\">\n\t\t\t\t<div class=\"elementor-widget-container\">\n\t\t\t\t\t\t\t\t\t\t\t\t\t\t\t<img fetchpriority=\"high\" decoding=\"async\" width=\"800\" height=\"228\" src=\"https:\/\/theyachtbeach.com\/wp-content\/uploads\/2022\/11\/combologo.png\" class=\"attachment-large size-large wp-image-7355\" alt=\"\" srcset=\"https:\/\/theyachtbeach.com\/wp-content\/uploads\/2022\/11\/combologo.png 1030w, https:\/\/theyachtbeach.com\/wp-content\/uploads\/2022\/11\/combologo-600x171.png 600w\" sizes=\"(max-width: 800px) 100vw, 800px\" \/>\t\t\t\t\t\t\t\t\t\t\t\t\t\t\t<\/div>\n\t\t\t\t<\/div>\n\t\t\t\t\t<\/div>\n\t\t<\/div>\n\t\t\t\t<div class=\"elementor-column elementor-col-33 elementor-inner-column elementor-element elementor-element-141f39e4\" data-id=\"141f39e4\" data-element_type=\"column\" data-e-type=\"column\">\n\t\t\t<div class=\"elementor-widget-wrap\">\n\t\t\t\t\t\t\t<\/div>\n\t\t<\/div>\n\t\t\t\t\t<\/div>\n\t\t<\/section>\n\t\t\t\t<section class=\"elementor-section elementor-inner-section elementor-element elementor-element-1f579e8 elementor-section-boxed elementor-section-height-default elementor-section-height-default\" data-id=\"1f579e8\" data-element_type=\"section\" data-e-type=\"section\">\n\t\t\t\t\t\t<div class=\"elementor-container elementor-column-gap-default\">\n\t\t\t\t\t<div class=\"elementor-column elementor-col-33 elementor-inner-column elementor-element elementor-element-2c520e3a\" data-id=\"2c520e3a\" data-element_type=\"column\" data-e-type=\"column\">\n\t\t\t<div class=\"elementor-widget-wrap elementor-element-populated\">\n\t\t\t\t\t\t<div class=\"elementor-element elementor-element-8f1758f elementor-widget elementor-widget-spacer\" data-id=\"8f1758f\" data-element_type=\"widget\" data-e-type=\"widget\" data-widget_type=\"spacer.default\">\n\t\t\t\t<div class=\"elementor-widget-container\">\n\t\t\t\t\t\t\t<div class=\"elementor-spacer\">\n\t\t\t<div class=\"elementor-spacer-inner\"><\/div>\n\t\t<\/div>\n\t\t\t\t\t\t<\/div>\n\t\t\t\t<\/div>\n\t\t\t\t<div class=\"elementor-element elementor-element-f02ecc0 elementor-widget elementor-widget-heading\" data-id=\"f02ecc0\" data-element_type=\"widget\" data-e-type=\"widget\" data-widget_type=\"heading.default\">\n\t\t\t\t<div class=\"elementor-widget-container\">\n\t\t\t\t\t<div class=\"elementor-heading-title elementor-size-default\"><p><label><span style=\"color: #1c98a9\"><img decoding=\"async\" src=\"https:\/\/yb2023.psychold.de\/wp-content\/uploads\/2022\/11\/logos.png\" alt=\"\" width=\"155\" height=\"31\"><\/span><br><\/label><a href=\"tel:#\" target=\"_blank\" rel=\"noopener\"> a Division of Point of Sports Gmbh<br>Kapellenweg 31<br>83064 Deutschland<br><\/a><br><span style=\"color: ##fb00ff\"><label>TEL:<\/label><\/span><a href=\"tel:#\" target=\"_blank\" rel=\"noopener\"><span style=\"color: #1c98a9\"> <\/span>Sales Partner : +49 (0)8035 \u2013 96 78 79 0<\/a><br><span style=\"color: #1c98a9\"><label>TEL:<\/label><\/span><a href=\"tel:#\" target=\"_blank\" rel=\"noopener\"><span style=\"color: #1c98a9\">&nbsp; <\/span>B2B Partner : +49 (0)8035 \u2013 96 39 29<\/a><br><span style=\"color: #1c98a9\"><label>EMAIL: <\/label><\/span><a href=\"mailto:info@theyachtbeach,com\" target=\"_blank\" rel=\"noopener\">info@theyachtbeach.com<\/a><br><span style=\"color: #1c98a9\"><label>\u00d6ffnungszeiten:<\/label><\/span><a href=\"tel:#\" target=\"_blank\" rel=\"noopener\"> Mo - Fr \/ 8:00 - 16:30 Uhr<\/a><br><br><\/p>\n<p><br><br><\/p>\n<p>&nbsp;<\/p><\/div>\t\t\t\t<\/div>\n\t\t\t\t<\/div>\n\t\t\t\t\t<\/div>\n\t\t<\/div>\n\t\t\t\t<div class=\"elementor-column elementor-col-33 elementor-inner-column elementor-element elementor-element-63faf0cf\" data-id=\"63faf0cf\" data-element_type=\"column\" data-e-type=\"column\">\n\t\t\t<div class=\"elementor-widget-wrap elementor-element-populated\">\n\t\t\t\t\t\t<div class=\"elementor-element elementor-element-07a36a9 elementor-widget elementor-widget-spacer\" data-id=\"07a36a9\" data-element_type=\"widget\" data-e-type=\"widget\" data-widget_type=\"spacer.default\">\n\t\t\t\t<div class=\"elementor-widget-container\">\n\t\t\t\t\t\t\t<div class=\"elementor-spacer\">\n\t\t\t<div class=\"elementor-spacer-inner\"><\/div>\n\t\t<\/div>\n\t\t\t\t\t\t<\/div>\n\t\t\t\t<\/div>\n\t\t\t\t<div class=\"elementor-element elementor-element-d376881 elementor-widget elementor-widget-text-editor\" data-id=\"d376881\" data-element_type=\"widget\" data-e-type=\"widget\" data-widget_type=\"text-editor.default\">\n\t\t\t\t<div class=\"elementor-widget-container\">\n\t\t\t\t\t\t\t\t\t<p><strong>Company:<\/strong><br>UID-Nummer: DE 213528890<br>Gesch\u00e4ftsf\u00fchrer: Richard Ems<br>Registergericht: HRB Traunstein 13295<br>Sitz der Gesellschaft: Raubling<\/p>\n<p><strong>Bankdaten:<br><\/strong>Commerzbank Rosenheim<br>IBAN: DE79711400410610295800<br>BIC: COBADEFF711<br><br>Konzept, Realisation: Richard Ems<\/p>\n<p><br><br><\/p>\n<p><br><br><\/p>\n<p>&nbsp;<\/p>\t\t\t\t\t\t\t\t<\/div>\n\t\t\t\t<\/div>\n\t\t\t\t\t<\/div>\n\t\t<\/div>\n\t\t\t\t<div class=\"elementor-column elementor-col-33 elementor-inner-column elementor-element elementor-element-a763016\" data-id=\"a763016\" data-element_type=\"column\" data-e-type=\"column\">\n\t\t\t<div class=\"elementor-widget-wrap elementor-element-populated\">\n\t\t\t\t\t\t<div class=\"elementor-element elementor-element-4781125 elementor-widget elementor-widget-spacer\" data-id=\"4781125\" data-element_type=\"widget\" data-e-type=\"widget\" data-widget_type=\"spacer.default\">\n\t\t\t\t<div class=\"elementor-widget-container\">\n\t\t\t\t\t\t\t<div class=\"elementor-spacer\">\n\t\t\t<div class=\"elementor-spacer-inner\"><\/div>\n\t\t<\/div>\n\t\t\t\t\t\t<\/div>\n\t\t\t\t<\/div>\n\t\t\t\t<div class=\"elementor-element elementor-element-77207fe elementor-widget elementor-widget-text-editor\" data-id=\"77207fe\" data-element_type=\"widget\" data-e-type=\"widget\" data-widget_type=\"text-editor.default\">\n\t\t\t\t<div class=\"elementor-widget-container\">\n\t\t\t\t\t\t\t\t\t<p><strong>Online Dispute Resolution<br><br><\/strong>Ab dem 15.02.2016 stellt die Kommission der Europ\u00e4ischen Union eine interaktive Website zur Online-Streitbeilegung (OS-Plattform) zur Verf\u00fcgung. <br>Die OS-Plattform ist eine zentrale Anlaufstelle f\u00fcr Verbraucher und Unternehmer, die Streitigkeiten aus Online-Rechtsgesch\u00e4ften au\u00dfergerichtlich beilegen m\u00f6chten.<br>Die OS-Plattform kann hier aufgerufen werden: <a href=\"https:\/\/ec.europa.eu\/consumers\/odr\/main\/index.cfm?event=main.home2.show&amp;lng=EN\" target=\"_blank\" rel=\"noopener\">ODR &#8211; Online Despute Resolution<\/a><\/p>\n<p>Kontakt E-mail: &nbsp;<strong><a href=\"mailto:info@pod.international\">info@pod.international<\/a><\/strong><\/p>\t\t\t\t\t\t\t\t<\/div>\n\t\t\t\t<\/div>\n\t\t\t\t\t<\/div>\n\t\t<\/div>\n\t\t\t\t\t<\/div>\n\t\t<\/section>\n\t\t\t\t\t<\/div>\n\t\t<\/div>\n\t\t\t\t\t<\/div>\n\t\t<\/section>\n\t\t\t\t<\/div>","protected":false},"excerpt":{"rendered":"<p>a division of Point of Sports GmbhKapellenweg 3183064 GermanyPHONE Sales Partner : +49 (0)8035 \u2013 96 78 79 0PHONE&nbsp; B2B Partner : +49 (0)8035 \u2013 96 39 29EMAIL info@theyachtbeach.comWORKING DAYS\/HOURS Mon &#8211; Sun \/ 8:00 AM &#8211; 16:30 PM &nbsp; Company:VAT number: DE 213528890Managing director: Richard EmsIncorporated: HRB Traunstein 13295Place of business: Raubling Bank data:Commerzbank [&hellip;]<\/p>\n","protected":false},"author":1,"featured_media":0,"parent":0,"menu_order":0,"comment_status":"closed","ping_status":"closed","template":"","meta":{"_seopress_robots_primary_cat":"","_seopress_titles_title":"","_seopress_titles_desc":"","_seopress_robots_index":"","footnotes":""},"class_list":["post-7226","page","type-page","status-publish","hentry"],"_links":{"self":[{"href":"https:\/\/theyachtbeach.com\/de\/wp-json\/wp\/v2\/pages\/7226","targetHints":{"allow":["GET"]}}],"collection":[{"href":"https:\/\/theyachtbeach.com\/de\/wp-json\/wp\/v2\/pages"}],"about":[{"href":"https:\/\/theyachtbeach.com\/de\/wp-json\/wp\/v2\/types\/page"}],"author":[{"embeddable":true,"href":"https:\/\/theyachtbeach.com\/de\/wp-json\/wp\/v2\/users\/1"}],"replies":[{"embeddable":true,"href":"https:\/\/theyachtbeach.com\/de\/wp-json\/wp\/v2\/comments?post=7226"}],"version-history":[{"count":0,"href":"https:\/\/theyachtbeach.com\/de\/wp-json\/wp\/v2\/pages\/7226\/revisions"}],"wp:attachment":[{"href":"https:\/\/theyachtbeach.com\/de\/wp-json\/wp\/v2\/media?parent=7226"}],"curies":[{"name":"wp","href":"https:\/\/api.w.org\/{rel}","templated":true}]}}