{"id":11487,"date":"2026-02-06T12:33:46","date_gmt":"2026-02-06T11:33:46","guid":{"rendered":"https:\/\/theyachtbeach.com\/?post_type=product&#038;p=11487"},"modified":"2026-03-16T17:31:03","modified_gmt":"2026-03-16T16:31:03","slug":"pool-mesh-for-party-zone-incl-ladder","status":"publish","type":"product","link":"https:\/\/theyachtbeach.com\/de\/produkt\/pool-mesh-for-party-zone-incl-ladder\/","title":{"rendered":"Pool Mesh f\u00fcr die  Party Zone incl. Badeleiter"},"content":{"rendered":"<p>220CM MESH<br \/>\nTo convert party zone to<br \/>\na party pool and stay safe<br \/>\nfrom jelly fish<\/p>","protected":false},"excerpt":{"rendered":"<p>220 cm Mesh-Upgrade f\u00fcr die Hex-Partyzone. Verwandeln Sie die Partyzone in einen Partypool und einen gesch\u00fctzten Bereich und sch\u00fctzen Sie sich vor Quallen.<\/p>","protected":false},"featured_media":16306,"template":"","meta":{"_seopress_robots_primary_cat":"none","_seopress_titles_title":"","_seopress_titles_desc":"","_seopress_robots_index":""},"product_brand":[],"product_cat":[250],"product_tag":[],"class_list":{"0":"post-11487","1":"product","2":"type-product","3":"status-publish","4":"has-post-thumbnail","6":"product_cat-accessorie","8":"first","9":"instock","10":"taxable","11":"shipping-taxable","12":"purchasable","13":"product-type-simple"},"_links":{"self":[{"href":"https:\/\/theyachtbeach.com\/de\/wp-json\/wp\/v2\/product\/11487","targetHints":{"allow":["GET"]}}],"collection":[{"href":"https:\/\/theyachtbeach.com\/de\/wp-json\/wp\/v2\/product"}],"about":[{"href":"https:\/\/theyachtbeach.com\/de\/wp-json\/wp\/v2\/types\/product"}],"version-history":[{"count":1,"href":"https:\/\/theyachtbeach.com\/de\/wp-json\/wp\/v2\/product\/11487\/revisions"}],"predecessor-version":[{"id":17753,"href":"https:\/\/theyachtbeach.com\/de\/wp-json\/wp\/v2\/product\/11487\/revisions\/17753"}],"wp:featuredmedia":[{"embeddable":true,"href":"https:\/\/theyachtbeach.com\/de\/wp-json\/wp\/v2\/media\/16306"}],"wp:attachment":[{"href":"https:\/\/theyachtbeach.com\/de\/wp-json\/wp\/v2\/media?parent=11487"}],"wp:term":[{"taxonomy":"product_brand","embeddable":true,"href":"https:\/\/theyachtbeach.com\/de\/wp-json\/wp\/v2\/product_brand?post=11487"},{"taxonomy":"product_cat","embeddable":true,"href":"https:\/\/theyachtbeach.com\/de\/wp-json\/wp\/v2\/product_cat?post=11487"},{"taxonomy":"product_tag","embeddable":true,"href":"https:\/\/theyachtbeach.com\/de\/wp-json\/wp\/v2\/product_tag?post=11487"}],"curies":[{"name":"wp","href":"https:\/\/api.w.org\/{rel}","templated":true}]}}