{"id":14068,"date":"2026-02-06T12:33:46","date_gmt":"2026-02-06T11:33:46","guid":{"rendered":"https:\/\/theyachtbeach.com\/?post_type=product&#038;p=14068"},"modified":"2026-04-09T18:30:47","modified_gmt":"2026-04-09T16:30:47","slug":"yachtbeach-superior-pool-6-16-dropstitch-616-x-616-cm","status":"publish","type":"product","link":"https:\/\/theyachtbeach.com\/de\/produkt\/yachtbeach-superior-pool-6-16-dropstitch-616-x-616-cm\/","title":{"rendered":"Yachtbeach Superior Pool 6.16  Dropstitch 616 x 616 cm"},"content":{"rendered":"<p><strong>Genie\u00dfen sie<\/strong> eine unbeschwerte Zeit hinter Ihrer Yacht mit Ihren Lieben. Am neuen Luxury Pool von Yachtbeach haben Sie ausreichend Platz zum Baden und Schwimmen sowie einen integrierten Liegebereich, der zu einem ausgiebigen Sonnenbad einl\u00e4dt. Auf der angenehmen EVA Fl\u00e4che liegt es sich \u00e4u\u00dferst bequem, und die Teak-Optik ist wirkt erstaunlich echt. <strong>Ein wahrer EYE- Catcher<\/strong>. Bemerkenswert ist, dass man den Luxury Pool problemlos mit allen anderen Yachtbeach-Produkten kombinieren und nutzen kann <strong>in den verschiedensten Konstellationen.<\/strong><\/p>\n<p>Machen Sie sich keine Sorgen \u00fcber unerw\u00fcnschte Meereslebewesen oder Meerespartikel. Geschaffen f\u00fcr ein Sorgen freies Schwimmen im Meer und um wunderbare Pooltage hinter Ihrer Yacht zu genie\u00dfen. Baden Sie im Meer, ohne von unangenehmen Begegnungen wie Quallen oder anderen Meeresbewohnern und Meerespartikeln gest\u00f6rt zu werden. Dank des <strong>fein maschigen Netzes<\/strong> sind sie perfect vor allem gesch\u00fctzt.<\/p>","protected":false},"excerpt":{"rendered":"<p>Enjoy a carefree time behind your yacht with your loved ones. On the new Luxury Pool by Yachtbeach, you have enough space for bathing and swimming as well as an integrated lounging area, which invites you to a long sunbath. On the pleasant foam top surface, it is extremely gentle and comfortable, and the teak [&hellip;]<\/p>\n","protected":false},"featured_media":14069,"template":"","meta":{"_seopress_robots_primary_cat":"none","_seopress_titles_title":"","_seopress_titles_desc":"","_seopress_robots_index":""},"product_brand":[],"product_cat":[178],"product_tag":[181,184,191,195,196,185,182,194,193,179,187,192,186,180,190,183,189,188],"class_list":{"0":"post-14068","1":"product","2":"type-product","3":"status-publish","4":"has-post-thumbnail","6":"product_cat-pools","7":"product_tag-aquaglide-ocean-pool","8":"product_tag-beachclubseapool","9":"product_tag-charter-yacht","10":"product_tag-chellyfish-pool","11":"product_tag-chellyfish-protection","12":"product_tag-custominflatables","13":"product_tag-funair","14":"product_tag-gritter-pool","15":"product_tag-luxury-yacht","16":"product_tag-ocean-pool","17":"product_tag-pooldays","18":"product_tag-superyacht-toys","19":"product_tag-waveloungers","20":"product_tag-yacht-beach-pool","21":"product_tag-yacht-charter","22":"product_tag-yachtcarlet","23":"product_tag-yachtfun","24":"product_tag-yachttoys","26":"first","27":"instock","28":"taxable","29":"shipping-taxable","30":"purchasable","31":"product-type-simple"},"_links":{"self":[{"href":"https:\/\/theyachtbeach.com\/de\/wp-json\/wp\/v2\/product\/14068","targetHints":{"allow":["GET"]}}],"collection":[{"href":"https:\/\/theyachtbeach.com\/de\/wp-json\/wp\/v2\/product"}],"about":[{"href":"https:\/\/theyachtbeach.com\/de\/wp-json\/wp\/v2\/types\/product"}],"version-history":[{"count":1,"href":"https:\/\/theyachtbeach.com\/de\/wp-json\/wp\/v2\/product\/14068\/revisions"}],"predecessor-version":[{"id":17722,"href":"https:\/\/theyachtbeach.com\/de\/wp-json\/wp\/v2\/product\/14068\/revisions\/17722"}],"wp:featuredmedia":[{"embeddable":true,"href":"https:\/\/theyachtbeach.com\/de\/wp-json\/wp\/v2\/media\/14069"}],"wp:attachment":[{"href":"https:\/\/theyachtbeach.com\/de\/wp-json\/wp\/v2\/media?parent=14068"}],"wp:term":[{"taxonomy":"product_brand","embeddable":true,"href":"https:\/\/theyachtbeach.com\/de\/wp-json\/wp\/v2\/product_brand?post=14068"},{"taxonomy":"product_cat","embeddable":true,"href":"https:\/\/theyachtbeach.com\/de\/wp-json\/wp\/v2\/product_cat?post=14068"},{"taxonomy":"product_tag","embeddable":true,"href":"https:\/\/theyachtbeach.com\/de\/wp-json\/wp\/v2\/product_tag?post=14068"}],"curies":[{"name":"wp","href":"https:\/\/api.w.org\/{rel}","templated":true}]}}