{"id":14224,"date":"2026-02-06T12:33:46","date_gmt":"2026-02-06T11:33:46","guid":{"rendered":"https:\/\/theyachtbeach.com\/?post_type=product&#038;p=14224"},"modified":"2026-04-02T18:31:01","modified_gmt":"2026-04-02T16:31:01","slug":"yachtbeach-foil-ramp","status":"publish","type":"product","link":"https:\/\/theyachtbeach.com\/de\/produkt\/yachtbeach-foil-ramp\/","title":{"rendered":"Yachtbeach Foil Ramp"},"content":{"rendered":"<p>Es ist die <strong>perfekte Erweiterung<\/strong> zu ihren YB Plattformen und bildet ein Dock f\u00fcr jede art von Efoil Boards <strong>die<\/strong> es auf dem Markt gibt. Die Foil Ramp kann innerhalb von Sekunden aufgeblasen werden und l\u00e4sst sich mit nur 2 Yachtbeach Handles Connectors ganz einfach an Yachtbeach-Plattformen, Pools oder Docks befestigen. Die superrutschige Oberfl\u00e4che von Yachtbeach erm\u00f6glicht ein problemloses Ein- und Aussteigen mit dem Foilboard.<strong> \u00dcberraschend wie einfach<\/strong> you can now dock and restart your Foil and most important keep damages<br \/>\nfrom the yacht away. Protected by International Patent.<\/p>","protected":false},"excerpt":{"rendered":"<p>This is the perfect extension to floating Platforms and create a dock for any Foil board on the market. The Foil Ramp can be inflated within seconds and is super easy to be attached to Yachtbeach Platforms, Pools or Docks with just 2 of the Yachtbeach Handles Connectors. The Yachtbeach super slippery top Surface enables [&hellip;]<\/p>\n","protected":false},"featured_media":16461,"template":"","meta":{"_seopress_robots_primary_cat":"none","_seopress_titles_title":"","_seopress_titles_desc":"","_seopress_robots_index":""},"product_brand":[],"product_cat":[202],"product_tag":[209,211,204,217,213,208,210,218,214,203,193,215,216,212,205,201,207,189,206,188],"class_list":{"0":"post-14224","1":"product","2":"type-product","3":"status-publish","4":"has-post-thumbnail","6":"product_cat-docks","7":"product_tag-amazea-dock","8":"product_tag-awake-dock","9":"product_tag-dock-for-seabobs","10":"product_tag-esurf-dock","11":"product_tag-fliteboard-dock","12":"product_tag-iaqua-dock","13":"product_tag-jetsurf-dock","14":"product_tag-lampuga-dock","15":"product_tag-lift-board-dock","16":"product_tag-lounger","17":"product_tag-luxury-yacht","18":"product_tag-magicsurf-dock","19":"product_tag-onean-dock","20":"product_tag-radinn-dock","21":"product_tag-seabob-docking-station","22":"product_tag-superyacht-fun","23":"product_tag-superyachttoys","24":"product_tag-yachtfun","25":"product_tag-yachts","26":"product_tag-yachttoys","28":"first","29":"instock","30":"taxable","31":"shipping-taxable","32":"purchasable","33":"product-type-simple"},"_links":{"self":[{"href":"https:\/\/theyachtbeach.com\/de\/wp-json\/wp\/v2\/product\/14224","targetHints":{"allow":["GET"]}}],"collection":[{"href":"https:\/\/theyachtbeach.com\/de\/wp-json\/wp\/v2\/product"}],"about":[{"href":"https:\/\/theyachtbeach.com\/de\/wp-json\/wp\/v2\/types\/product"}],"version-history":[{"count":1,"href":"https:\/\/theyachtbeach.com\/de\/wp-json\/wp\/v2\/product\/14224\/revisions"}],"predecessor-version":[{"id":17747,"href":"https:\/\/theyachtbeach.com\/de\/wp-json\/wp\/v2\/product\/14224\/revisions\/17747"}],"wp:featuredmedia":[{"embeddable":true,"href":"https:\/\/theyachtbeach.com\/de\/wp-json\/wp\/v2\/media\/16461"}],"wp:attachment":[{"href":"https:\/\/theyachtbeach.com\/de\/wp-json\/wp\/v2\/media?parent=14224"}],"wp:term":[{"taxonomy":"product_brand","embeddable":true,"href":"https:\/\/theyachtbeach.com\/de\/wp-json\/wp\/v2\/product_brand?post=14224"},{"taxonomy":"product_cat","embeddable":true,"href":"https:\/\/theyachtbeach.com\/de\/wp-json\/wp\/v2\/product_cat?post=14224"},{"taxonomy":"product_tag","embeddable":true,"href":"https:\/\/theyachtbeach.com\/de\/wp-json\/wp\/v2\/product_tag?post=14224"}],"curies":[{"name":"wp","href":"https:\/\/api.w.org\/{rel}","templated":true}]}}