{"id":14239,"date":"2026-02-06T12:33:46","date_gmt":"2026-02-06T11:33:46","guid":{"rendered":"https:\/\/theyachtbeach.com\/?post_type=product&#038;p=14239"},"modified":"2026-04-02T18:31:01","modified_gmt":"2026-04-02T16:31:01","slug":"yachtbeach-toy-dock-8-20-dropstich-820-x-205-x-20-cm","status":"publish","type":"product","link":"https:\/\/theyachtbeach.com\/de\/produkt\/yachtbeach-toy-dock-8-20-dropstich-820-x-205-x-20-cm\/","title":{"rendered":"Yachtbeach Toy Dock 8.20 Dropstich 820 x 205 x 20 cm"},"content":{"rendered":"<p>Dieses <strong>innovative<\/strong> toy dock measuring 8.20 x 2.05 m redefines versatility and offers plenty of space for 2 Jet Skis and 2 Seabobs at the same time. But that&#8217;s not all the excitement! What sets this dock apart is its seamless <strong>Kompatibilit\u00e4t<\/strong> mit allen anderen Yachtbeach-Plattformen, Docks und Pools. Diese bahnbrechende Funktion erm\u00f6glicht es Ihnen, <strong>kreative und dynamisch<\/strong> water space tailored to your needs.<\/p>\n<p>Whether you&#8217;re looking for <strong>Die<\/strong> Wassersportabenteuer oder ein ruhiger R\u00fcckzugsort auf offener See, das Yachtbeach Toy Dock ist so konzipiert, dass es Ihren Yacht-Lebensstil erg\u00e4nzt. Tauchen Sie ein in eine Welt, in der Luxus auf Funktionalit\u00e4t trifft und in der die M\u00f6glichkeiten f\u00fcr Wassersportvergn\u00fcgen grenzenlos sind. Verbessern Sie Ihr Yachterlebnis mit dem Yachtbeach Toy Dock \u2013 Wo <strong>Innovation<\/strong> und <strong>Entspannung<\/strong> auf dem Wasser zusammen trifft.<\/p>","protected":false},"excerpt":{"rendered":"<p>This innovative toy dock measuring 8.20 x 2.05 m redefines versatility and offers plenty of space for 2 Jet Skis and 2 Seabobs at the same time. But that&#8217;s not all the excitement! What sets this dock apart is its seamless compatibility with all other Yachtbeach platforms, docks and pools. This groundbreaking feature allows you [&hellip;]<\/p>\n","protected":false},"featured_media":16465,"template":"","meta":{"_seopress_robots_primary_cat":"none","_seopress_titles_title":"","_seopress_titles_desc":"","_seopress_robots_index":""},"product_brand":[],"product_cat":[197],"product_tag":[198,199,193,201,200,189,188],"class_list":{"0":"post-14239","1":"product","2":"type-product","3":"status-publish","4":"has-post-thumbnail","6":"product_cat-jetskidock","7":"product_tag-jet-ski-dock","8":"product_tag-jet-ski-docking-station","9":"product_tag-luxury-yacht","10":"product_tag-superyacht-fun","11":"product_tag-yacht","12":"product_tag-yachtfun","13":"product_tag-yachttoys","15":"first","16":"instock","17":"taxable","18":"shipping-taxable","19":"purchasable","20":"product-type-simple"},"_links":{"self":[{"href":"https:\/\/theyachtbeach.com\/de\/wp-json\/wp\/v2\/product\/14239","targetHints":{"allow":["GET"]}}],"collection":[{"href":"https:\/\/theyachtbeach.com\/de\/wp-json\/wp\/v2\/product"}],"about":[{"href":"https:\/\/theyachtbeach.com\/de\/wp-json\/wp\/v2\/types\/product"}],"version-history":[{"count":1,"href":"https:\/\/theyachtbeach.com\/de\/wp-json\/wp\/v2\/product\/14239\/revisions"}],"predecessor-version":[{"id":17745,"href":"https:\/\/theyachtbeach.com\/de\/wp-json\/wp\/v2\/product\/14239\/revisions\/17745"}],"wp:featuredmedia":[{"embeddable":true,"href":"https:\/\/theyachtbeach.com\/de\/wp-json\/wp\/v2\/media\/16465"}],"wp:attachment":[{"href":"https:\/\/theyachtbeach.com\/de\/wp-json\/wp\/v2\/media?parent=14239"}],"wp:term":[{"taxonomy":"product_brand","embeddable":true,"href":"https:\/\/theyachtbeach.com\/de\/wp-json\/wp\/v2\/product_brand?post=14239"},{"taxonomy":"product_cat","embeddable":true,"href":"https:\/\/theyachtbeach.com\/de\/wp-json\/wp\/v2\/product_cat?post=14239"},{"taxonomy":"product_tag","embeddable":true,"href":"https:\/\/theyachtbeach.com\/de\/wp-json\/wp\/v2\/product_tag?post=14239"}],"curies":[{"name":"wp","href":"https:\/\/api.w.org\/{rel}","templated":true}]}}