{"id":14267,"date":"2026-02-06T12:33:46","date_gmt":"2026-02-06T11:33:46","guid":{"rendered":"https:\/\/theyachtbeach.com\/?post_type=product&#038;p=14267"},"modified":"2026-04-02T18:31:00","modified_gmt":"2026-04-02T16:31:00","slug":"yachtbeach-mini-slide","status":"publish","type":"product","link":"https:\/\/theyachtbeach.com\/de\/produkt\/yachtbeach-mini-slide\/","title":{"rendered":"Yachtbeach Mini Slide 175-215"},"content":{"rendered":"<p><strong>All in one<\/strong> Rutsche, die perfekt f\u00fcr Boote, Pontonboote, Docks oder Plattformen passt. Die Luftstufen k\u00f6nnen im Winkel eingestellt werden, um sicherzustellen, f\u00fcr die <strong>perfekte H\u00f6he und Position<\/strong>. Damit ist sie f\u00fcr Gel\u00e4nder von 30-70 cm H\u00f6he geeignet. Die Air-Steps k\u00f6nnen sogar abgenommen werden, wenn man die Rutsche auf eine flache Startplattform stellen m\u00f6chte. Dieses verstellbare System macht diese Rutsche wirklich zu einem <strong>perfekt passender universal Rutsche.<\/strong>.<\/p>","protected":false},"excerpt":{"rendered":"<p>All in one Slide that fits perfect for Boats, Pontoon Boats, Docks or Platforms. The air-steps can be adjusted in angle to ensure the perfect position. This way it fits for reelings from 30-70 cm height. Air-steps can even even be taken off if you want to put the slide on a flat starting platform. [&hellip;]<\/p>\n","protected":false},"featured_media":14268,"template":"","meta":{"_seopress_robots_primary_cat":"none","_seopress_titles_title":"","_seopress_titles_desc":"","_seopress_robots_index":""},"product_brand":[],"product_cat":[272],"product_tag":[274,193,273,201,192,275,248,189,188],"class_list":{"0":"post-14267","1":"product","2":"type-product","3":"status-publish","4":"has-post-thumbnail","6":"product_cat-magicslide","7":"product_tag-customslides","8":"product_tag-luxury-yacht","9":"product_tag-slides","10":"product_tag-superyacht-fun","11":"product_tag-superyacht-toys","12":"product_tag-waterslide","13":"product_tag-watersport","14":"product_tag-yachtfun","15":"product_tag-yachttoys","17":"first","18":"instock","19":"taxable","20":"shipping-taxable","21":"purchasable","22":"product-type-simple"},"_links":{"self":[{"href":"https:\/\/theyachtbeach.com\/de\/wp-json\/wp\/v2\/product\/14267","targetHints":{"allow":["GET"]}}],"collection":[{"href":"https:\/\/theyachtbeach.com\/de\/wp-json\/wp\/v2\/product"}],"about":[{"href":"https:\/\/theyachtbeach.com\/de\/wp-json\/wp\/v2\/types\/product"}],"version-history":[{"count":1,"href":"https:\/\/theyachtbeach.com\/de\/wp-json\/wp\/v2\/product\/14267\/revisions"}],"predecessor-version":[{"id":17738,"href":"https:\/\/theyachtbeach.com\/de\/wp-json\/wp\/v2\/product\/14267\/revisions\/17738"}],"wp:featuredmedia":[{"embeddable":true,"href":"https:\/\/theyachtbeach.com\/de\/wp-json\/wp\/v2\/media\/14268"}],"wp:attachment":[{"href":"https:\/\/theyachtbeach.com\/de\/wp-json\/wp\/v2\/media?parent=14267"}],"wp:term":[{"taxonomy":"product_brand","embeddable":true,"href":"https:\/\/theyachtbeach.com\/de\/wp-json\/wp\/v2\/product_brand?post=14267"},{"taxonomy":"product_cat","embeddable":true,"href":"https:\/\/theyachtbeach.com\/de\/wp-json\/wp\/v2\/product_cat?post=14267"},{"taxonomy":"product_tag","embeddable":true,"href":"https:\/\/theyachtbeach.com\/de\/wp-json\/wp\/v2\/product_tag?post=14267"}],"curies":[{"name":"wp","href":"https:\/\/api.w.org\/{rel}","templated":true}]}}