{"id":14295,"date":"2026-02-06T12:33:46","date_gmt":"2026-02-06T11:33:46","guid":{"rendered":"https:\/\/theyachtbeach.com\/?post_type=product&#038;p=14295"},"modified":"2026-03-27T17:30:46","modified_gmt":"2026-03-27T16:30:46","slug":"yachtbeach-sun-lounger-75x160cm","status":"publish","type":"product","link":"https:\/\/theyachtbeach.com\/de\/produkt\/yachtbeach-sun-lounger-75x160cm\/","title":{"rendered":"YACHTBEACH SUN LOUNGER 75x160cm"},"content":{"rendered":"<p><strong>YACHTBEACH SUPERIOR SUN LOUNGER<br \/>\n<\/strong><br \/>\nYachtbeach Sun Lounger Superior Single 75 x 160 ist eine aufblasbare Liege, die speziell f\u00fcr den Einsatz auf Yachtbeach-Plattformen entwickelt wurde, <strong>sie<\/strong> f\u00fcr den <strong>Garten,<\/strong> und <strong>Pool<\/strong>. Mit seinen gro\u00dfz\u00fcgigen Ma\u00dfen von 75 x 160 cm bietet es eine <strong>komfortabel<\/strong> und <strong>entspannte<\/strong> Sitzm\u00f6glichkeit auf dem Wasser und an Land. Dieser Liegestuhl ist perfekt, um die Sonne zu genie\u00dfen und auf dem Deck Ihrer Yachtbeach-Plattform oder im Wasser zu entspannen. Sein aufblasbares Design erleichtert den Transport und die Verwendung, und es ist eine <strong>ideal<\/strong> addition to your leisure time on the water.<\/p>\n<p>Lounging on Platform or Yacht , on the Water , on the beach\u00a0 wherever you want&#8230;<\/p>","protected":false},"excerpt":{"rendered":"<p>YACHTBEACH SUPERIOR SUN LOUNGER Yachtbeach Sun Lounger Superior Single 75 x 160 is an inflatable lounger specially designed for use on Yachtbeach platforms, but also perfect for use in the garden and pool. With its generous dimensions of 75 x 160 cm, it offers a comfortable and relaxing seating option on the water and on [&hellip;]<\/p>\n","protected":false},"featured_media":17709,"template":"","meta":{"_seopress_robots_primary_cat":"none","_seopress_titles_title":"","_seopress_titles_desc":"","_seopress_robots_index":""},"product_brand":[],"product_cat":[219,202],"product_tag":[184,228,220,185,224,229,182,221,194,225,203,193,187,222,223,192,186,226,183,227,189,188],"class_list":{"0":"post-14295","1":"product","2":"type-product","3":"status-publish","4":"has-post-thumbnail","6":"product_cat-air-furniture","7":"product_cat-docks","8":"product_tag-beachclubseapool","9":"product_tag-charteracht","10":"product_tag-chill","11":"product_tag-custominflatables","12":"product_tag-dock","13":"product_tag-floating-couch","14":"product_tag-funair","15":"product_tag-furniture","16":"product_tag-gritter-pool","17":"product_tag-inflatable","18":"product_tag-lounger","19":"product_tag-luxury-yacht","20":"product_tag-pooldays","21":"product_tag-relax","22":"product_tag-seat","23":"product_tag-superyacht-toys","24":"product_tag-waveloungers","25":"product_tag-yachtbeach","26":"product_tag-yachtcarlet","27":"product_tag-yachtcharter","28":"product_tag-yachtfun","29":"product_tag-yachttoys","31":"first","32":"instock","33":"taxable","34":"shipping-taxable","35":"purchasable","36":"product-type-simple"},"_links":{"self":[{"href":"https:\/\/theyachtbeach.com\/de\/wp-json\/wp\/v2\/product\/14295","targetHints":{"allow":["GET"]}}],"collection":[{"href":"https:\/\/theyachtbeach.com\/de\/wp-json\/wp\/v2\/product"}],"about":[{"href":"https:\/\/theyachtbeach.com\/de\/wp-json\/wp\/v2\/types\/product"}],"version-history":[{"count":1,"href":"https:\/\/theyachtbeach.com\/de\/wp-json\/wp\/v2\/product\/14295\/revisions"}],"predecessor-version":[{"id":17710,"href":"https:\/\/theyachtbeach.com\/de\/wp-json\/wp\/v2\/product\/14295\/revisions\/17710"}],"wp:featuredmedia":[{"embeddable":true,"href":"https:\/\/theyachtbeach.com\/de\/wp-json\/wp\/v2\/media\/17709"}],"wp:attachment":[{"href":"https:\/\/theyachtbeach.com\/de\/wp-json\/wp\/v2\/media?parent=14295"}],"wp:term":[{"taxonomy":"product_brand","embeddable":true,"href":"https:\/\/theyachtbeach.com\/de\/wp-json\/wp\/v2\/product_brand?post=14295"},{"taxonomy":"product_cat","embeddable":true,"href":"https:\/\/theyachtbeach.com\/de\/wp-json\/wp\/v2\/product_cat?post=14295"},{"taxonomy":"product_tag","embeddable":true,"href":"https:\/\/theyachtbeach.com\/de\/wp-json\/wp\/v2\/product_tag?post=14295"}],"curies":[{"name":"wp","href":"https:\/\/api.w.org\/{rel}","templated":true}]}}