{"id":14904,"date":"2026-02-06T12:33:46","date_gmt":"2026-02-06T11:33:46","guid":{"rendered":"https:\/\/theyachtbeach.com\/?post_type=product&#038;p=14904"},"modified":"2026-03-16T17:31:05","modified_gmt":"2026-03-16T16:31:05","slug":"pavilion-table","status":"publish","type":"product","link":"https:\/\/theyachtbeach.com\/de\/produkt\/pavilion-table\/","title":{"rendered":"Yachtbeach Pavilion Table with 170cm Base"},"content":{"rendered":"<p>The inflatable table is positioned exactly in the middle thanks to the 170 cm base section and has recesses for drinks glasses for your perfect picnic by the water.<\/p>\n<p>fits for Item Nr. 25178 and 25191<\/p>","protected":false},"excerpt":{"rendered":"<p>Der aufblasbare Tisch steht dank der 190 cm langen Grundfl\u00e4che genau in der Mitte und verf\u00fcgt \u00fcber Aussparungen f\u00fcr Getr\u00e4nkegl\u00e4ser f\u00fcr Ihr perfektes Picknick am Wasser.<\/p>","protected":false},"featured_media":14909,"template":"","meta":{"_seopress_robots_primary_cat":"none","_seopress_titles_title":"","_seopress_titles_desc":"","_seopress_robots_index":""},"product_brand":[],"product_cat":[276,335],"product_tag":[],"class_list":{"0":"post-14904","1":"product","2":"type-product","3":"status-publish","4":"has-post-thumbnail","6":"product_cat-singleparts-pavilion","7":"product_cat-singleparts-pavilion-square","9":"first","10":"instock","11":"taxable","12":"shipping-taxable","13":"purchasable","14":"product-type-simple"},"_links":{"self":[{"href":"https:\/\/theyachtbeach.com\/de\/wp-json\/wp\/v2\/product\/14904","targetHints":{"allow":["GET"]}}],"collection":[{"href":"https:\/\/theyachtbeach.com\/de\/wp-json\/wp\/v2\/product"}],"about":[{"href":"https:\/\/theyachtbeach.com\/de\/wp-json\/wp\/v2\/types\/product"}],"version-history":[{"count":2,"href":"https:\/\/theyachtbeach.com\/de\/wp-json\/wp\/v2\/product\/14904\/revisions"}],"predecessor-version":[{"id":17541,"href":"https:\/\/theyachtbeach.com\/de\/wp-json\/wp\/v2\/product\/14904\/revisions\/17541"}],"wp:featuredmedia":[{"embeddable":true,"href":"https:\/\/theyachtbeach.com\/de\/wp-json\/wp\/v2\/media\/14909"}],"wp:attachment":[{"href":"https:\/\/theyachtbeach.com\/de\/wp-json\/wp\/v2\/media?parent=14904"}],"wp:term":[{"taxonomy":"product_brand","embeddable":true,"href":"https:\/\/theyachtbeach.com\/de\/wp-json\/wp\/v2\/product_brand?post=14904"},{"taxonomy":"product_cat","embeddable":true,"href":"https:\/\/theyachtbeach.com\/de\/wp-json\/wp\/v2\/product_cat?post=14904"},{"taxonomy":"product_tag","embeddable":true,"href":"https:\/\/theyachtbeach.com\/de\/wp-json\/wp\/v2\/product_tag?post=14904"}],"curies":[{"name":"wp","href":"https:\/\/api.w.org\/{rel}","templated":true}]}}