{"id":14914,"date":"2026-02-06T12:33:46","date_gmt":"2026-02-06T11:33:46","guid":{"rendered":"https:\/\/theyachtbeach.com\/?post_type=product&#038;p=14914"},"modified":"2026-04-23T13:01:06","modified_gmt":"2026-04-23T11:01:06","slug":"pavilion-sofa","status":"publish","type":"product","link":"https:\/\/theyachtbeach.com\/de\/produkt\/pavilion-sofa\/","title":{"rendered":"YACHTBEACH Pavilion Sofa 20 cm \/ 30 cm"},"content":{"rendered":"<p>Yachtbeach Sofa for Relax platform 4.10&#215;4.10, 170cm Base<\/p>\n<p>&nbsp;<\/p>\n<p>F\u00fcr maximalen Komfort sorgt das 20 cm hohe Pavillon-Sofa mit 30 cm R\u00fcckenteil, das auch separat am Strand als gem\u00fctliche Lounge-Sitzgruppe aufgestellt werden kann.<\/p>\n<p><b>Abmessungen:<\/b><\/p>\n<ul>\n<li>Pavilion Sofa &#8211; 20x30cm<\/li>\n<li>Weight: 14 kg &#8211; 31lbs<\/li>\n<li>Pack size: 46x71x27cm<\/li>\n<\/ul>\n<p>fits for Item Nr. 25178 and 25191<\/p>\n<p>&nbsp;<\/p>","protected":false},"excerpt":{"rendered":"<p>F\u00fcr maximalen Komfort sorgt das 20 cm hohe Pavillon-Sofa mit 30 cm R\u00fcckenteil, das auch separat am Strand als gem\u00fctliche Lounge-Sitzgruppe aufgestellt werden kann.<\/p>","protected":false},"featured_media":16127,"template":"","meta":{"_seopress_robots_primary_cat":"none","_seopress_titles_title":"","_seopress_titles_desc":"","_seopress_robots_index":""},"product_brand":[],"product_cat":[276,335],"product_tag":[],"class_list":{"0":"post-14914","1":"product","2":"type-product","3":"status-publish","4":"has-post-thumbnail","6":"product_cat-singleparts-pavilion","7":"product_cat-singleparts-pavilion-square","9":"first","10":"instock","11":"taxable","12":"shipping-taxable","13":"purchasable","14":"product-type-simple"},"_links":{"self":[{"href":"https:\/\/theyachtbeach.com\/de\/wp-json\/wp\/v2\/product\/14914","targetHints":{"allow":["GET"]}}],"collection":[{"href":"https:\/\/theyachtbeach.com\/de\/wp-json\/wp\/v2\/product"}],"about":[{"href":"https:\/\/theyachtbeach.com\/de\/wp-json\/wp\/v2\/types\/product"}],"version-history":[{"count":2,"href":"https:\/\/theyachtbeach.com\/de\/wp-json\/wp\/v2\/product\/14914\/revisions"}],"predecessor-version":[{"id":17539,"href":"https:\/\/theyachtbeach.com\/de\/wp-json\/wp\/v2\/product\/14914\/revisions\/17539"}],"wp:featuredmedia":[{"embeddable":true,"href":"https:\/\/theyachtbeach.com\/de\/wp-json\/wp\/v2\/media\/16127"}],"wp:attachment":[{"href":"https:\/\/theyachtbeach.com\/de\/wp-json\/wp\/v2\/media?parent=14914"}],"wp:term":[{"taxonomy":"product_brand","embeddable":true,"href":"https:\/\/theyachtbeach.com\/de\/wp-json\/wp\/v2\/product_brand?post=14914"},{"taxonomy":"product_cat","embeddable":true,"href":"https:\/\/theyachtbeach.com\/de\/wp-json\/wp\/v2\/product_cat?post=14914"},{"taxonomy":"product_tag","embeddable":true,"href":"https:\/\/theyachtbeach.com\/de\/wp-json\/wp\/v2\/product_tag?post=14914"}],"curies":[{"name":"wp","href":"https:\/\/api.w.org\/{rel}","templated":true}]}}