{"id":14916,"date":"2026-02-06T12:33:46","date_gmt":"2026-02-06T11:33:46","guid":{"rendered":"https:\/\/theyachtbeach.com\/?post_type=product&#038;p=14916"},"modified":"2026-04-23T13:01:06","modified_gmt":"2026-04-23T11:01:06","slug":"pavilion-backrest","status":"publish","type":"product","link":"https:\/\/theyachtbeach.com\/de\/produkt\/pavilion-backrest\/","title":{"rendered":"YACHTBEACH Pavilion Backrest 20 cm"},"content":{"rendered":"<p>Yachtbeach Backrest for Relax platform 4.10&#215;4.10, 170cm Base<\/p>\n<p>&nbsp;<\/p>\n<p>Die 20 cm hohe R\u00fcckenlehne verwandelt die Basisplattform im Handumdrehen in eine gem\u00fctliche Ecke f\u00fcr Ihre perfekte Party.<\/p>\n<p>&nbsp;<\/p>\n<p><b>Abmessungen:<\/b><\/p>\n<ul>\n<li>Pavilion Backrest 20cm<\/li>\n<li>Weight: 8 kg &#8211; 17lbs<\/li>\n<li>Pack size: 62x43x25cm<\/li>\n<\/ul>\n<p>&nbsp;<\/p>\n<p>fits for Item Nr. 25178 and 25191<\/p>","protected":false},"excerpt":{"rendered":"<p>Die 20 cm hohe R\u00fcckenlehne verwandelt die Basisplattform im Handumdrehen in eine gem\u00fctliche Ecke f\u00fcr Ihre perfekte Party.<\/p>","protected":false},"featured_media":18593,"template":"","meta":{"_seopress_robots_primary_cat":"none","_seopress_titles_title":"","_seopress_titles_desc":"","_seopress_robots_index":""},"product_brand":[],"product_cat":[276,335],"product_tag":[],"class_list":{"0":"post-14916","1":"product","2":"type-product","3":"status-publish","4":"has-post-thumbnail","6":"product_cat-singleparts-pavilion","7":"product_cat-singleparts-pavilion-square","9":"first","10":"instock","11":"taxable","12":"shipping-taxable","13":"purchasable","14":"product-type-simple"},"_links":{"self":[{"href":"https:\/\/theyachtbeach.com\/de\/wp-json\/wp\/v2\/product\/14916","targetHints":{"allow":["GET"]}}],"collection":[{"href":"https:\/\/theyachtbeach.com\/de\/wp-json\/wp\/v2\/product"}],"about":[{"href":"https:\/\/theyachtbeach.com\/de\/wp-json\/wp\/v2\/types\/product"}],"version-history":[{"count":3,"href":"https:\/\/theyachtbeach.com\/de\/wp-json\/wp\/v2\/product\/14916\/revisions"}],"predecessor-version":[{"id":17537,"href":"https:\/\/theyachtbeach.com\/de\/wp-json\/wp\/v2\/product\/14916\/revisions\/17537"}],"wp:featuredmedia":[{"embeddable":true,"href":"https:\/\/theyachtbeach.com\/de\/wp-json\/wp\/v2\/media\/18593"}],"wp:attachment":[{"href":"https:\/\/theyachtbeach.com\/de\/wp-json\/wp\/v2\/media?parent=14916"}],"wp:term":[{"taxonomy":"product_brand","embeddable":true,"href":"https:\/\/theyachtbeach.com\/de\/wp-json\/wp\/v2\/product_brand?post=14916"},{"taxonomy":"product_cat","embeddable":true,"href":"https:\/\/theyachtbeach.com\/de\/wp-json\/wp\/v2\/product_cat?post=14916"},{"taxonomy":"product_tag","embeddable":true,"href":"https:\/\/theyachtbeach.com\/de\/wp-json\/wp\/v2\/product_tag?post=14916"}],"curies":[{"name":"wp","href":"https:\/\/api.w.org\/{rel}","templated":true}]}}