{"id":14925,"date":"2026-02-06T12:33:45","date_gmt":"2026-02-06T11:33:45","guid":{"rendered":"https:\/\/theyachtbeach.com\/?post_type=product&#038;p=14925"},"modified":"2026-03-16T17:31:06","modified_gmt":"2026-03-16T16:31:06","slug":"deep-mesh-cover","status":"publish","type":"product","link":"https:\/\/theyachtbeach.com\/de\/produkt\/deep-mesh-cover\/","title":{"rendered":"Yachtbeach Pavilion Deep Mesh Cover, 30cm 170 cm Diameter"},"content":{"rendered":"<p>Yachtbeach Pavilion Deep Mesh Cover, 30cm 170 cm Diameter<\/p>\n<p>&nbsp;<\/p>\n<p>Plantschen Sie mit den F\u00fc\u00dfen im Wasser. Dank des feinmaschigen 30 cm tiefen PVC-Innenschutznetzes sind Sie perfekt vor unerw\u00fcnschten Meeresbewohnern gesch\u00fctzt.<\/p>\n<p>&nbsp;<\/p>\n<p>fits for Item Nr. 25191 and 25178<\/p>","protected":false},"excerpt":{"rendered":"<p>Plantschen Sie mit den F\u00fc\u00dfen im Wasser. Dank des feinmaschigen 30 cm tiefen PVC-Innenschutznetzes sind Sie perfekt vor unerw\u00fcnschten Meeresbewohnern gesch\u00fctzt.<\/p>","protected":false},"featured_media":17485,"template":"","meta":{"_seopress_robots_primary_cat":"none","_seopress_titles_title":"","_seopress_titles_desc":"","_seopress_robots_index":""},"product_brand":[],"product_cat":[276,335],"product_tag":[],"class_list":{"0":"post-14925","1":"product","2":"type-product","3":"status-publish","4":"has-post-thumbnail","6":"product_cat-singleparts-pavilion","7":"product_cat-singleparts-pavilion-square","9":"first","10":"instock","11":"taxable","12":"shipping-taxable","13":"purchasable","14":"product-type-simple"},"_links":{"self":[{"href":"https:\/\/theyachtbeach.com\/de\/wp-json\/wp\/v2\/product\/14925","targetHints":{"allow":["GET"]}}],"collection":[{"href":"https:\/\/theyachtbeach.com\/de\/wp-json\/wp\/v2\/product"}],"about":[{"href":"https:\/\/theyachtbeach.com\/de\/wp-json\/wp\/v2\/types\/product"}],"version-history":[{"count":2,"href":"https:\/\/theyachtbeach.com\/de\/wp-json\/wp\/v2\/product\/14925\/revisions"}],"predecessor-version":[{"id":17531,"href":"https:\/\/theyachtbeach.com\/de\/wp-json\/wp\/v2\/product\/14925\/revisions\/17531"}],"wp:featuredmedia":[{"embeddable":true,"href":"https:\/\/theyachtbeach.com\/de\/wp-json\/wp\/v2\/media\/17485"}],"wp:attachment":[{"href":"https:\/\/theyachtbeach.com\/de\/wp-json\/wp\/v2\/media?parent=14925"}],"wp:term":[{"taxonomy":"product_brand","embeddable":true,"href":"https:\/\/theyachtbeach.com\/de\/wp-json\/wp\/v2\/product_brand?post=14925"},{"taxonomy":"product_cat","embeddable":true,"href":"https:\/\/theyachtbeach.com\/de\/wp-json\/wp\/v2\/product_cat?post=14925"},{"taxonomy":"product_tag","embeddable":true,"href":"https:\/\/theyachtbeach.com\/de\/wp-json\/wp\/v2\/product_tag?post=14925"}],"curies":[{"name":"wp","href":"https:\/\/api.w.org\/{rel}","templated":true}]}}