{"id":14934,"date":"2026-02-06T12:33:45","date_gmt":"2026-02-06T11:33:45","guid":{"rendered":"https:\/\/theyachtbeach.com\/?post_type=product&#038;p=14934"},"modified":"2026-04-15T18:30:59","modified_gmt":"2026-04-15T16:30:59","slug":"floating-cup-holder11","status":"publish","type":"product","link":"https:\/\/theyachtbeach.com\/de\/produkt\/floating-cup-holder11\/","title":{"rendered":"Yachtbeach schwimmender cup holder f\u00fcr 11 Gl\u00e4ser"},"content":{"rendered":"<div id=\"description\" class=\"data item content\" role=\"tabpanel\" aria-labelledby=\"tab-label-description\" data-role=\"content\" aria-hidden=\"false\">\n<div class=\"product attribute description\">\n<div class=\"value\">\n<p>Yachtbeach &#8211; floating cup holder<\/p>\n<p>The Yachtbeach Floating Cup Holder is simply a part of a relaxing day on the water. It offers enough space for glasses, cans, bottles or other drinks. When you open the zipper you get to the valve and you can easily inflate the cup holder. Thanks to the loaded artificial marine leather, it is very UV resistant and highly resistant in terms of scratches. It is very easy to clean and the 11 cup holders are made of real stainless steel.<\/p>\n<p>Detailed information:<br \/>\nMaterial: artificial navy leather<br \/>\n11 stainless steel drink holders<\/p>\n<\/div>\n<\/div>\n<\/div>\n<div id=\"tab-label-additional\" class=\"data item title\" tabindex=\"0\" role=\"tab\" data-role=\"collapsible\" data-collapsible=\"true\" aria-controls=\"additional\" aria-selected=\"false\" aria-expanded=\"false\"><\/div>","protected":false},"excerpt":{"rendered":"<p>Der Yachtbeach Floating Cup Holder geh\u00f6rt zu einem entspannten Tag auf dem Wasser einfach dazu. Er bietet ausreichend Platz f\u00fcr Gl\u00e4ser, Dosen, Flaschen oder andere Getr\u00e4nke.<\/p>","protected":false},"featured_media":16457,"template":"","meta":{"_seopress_robots_primary_cat":"none","_seopress_titles_title":"","_seopress_titles_desc":"","_seopress_robots_index":""},"product_brand":[],"product_cat":[250],"product_tag":[],"class_list":{"0":"post-14934","1":"product","2":"type-product","3":"status-publish","4":"has-post-thumbnail","6":"product_cat-accessorie","8":"first","9":"instock","10":"taxable","11":"shipping-taxable","12":"purchasable","13":"product-type-simple"},"_links":{"self":[{"href":"https:\/\/theyachtbeach.com\/de\/wp-json\/wp\/v2\/product\/14934","targetHints":{"allow":["GET"]}}],"collection":[{"href":"https:\/\/theyachtbeach.com\/de\/wp-json\/wp\/v2\/product"}],"about":[{"href":"https:\/\/theyachtbeach.com\/de\/wp-json\/wp\/v2\/types\/product"}],"version-history":[{"count":1,"href":"https:\/\/theyachtbeach.com\/de\/wp-json\/wp\/v2\/product\/14934\/revisions"}],"predecessor-version":[{"id":17733,"href":"https:\/\/theyachtbeach.com\/de\/wp-json\/wp\/v2\/product\/14934\/revisions\/17733"}],"wp:featuredmedia":[{"embeddable":true,"href":"https:\/\/theyachtbeach.com\/de\/wp-json\/wp\/v2\/media\/16457"}],"wp:attachment":[{"href":"https:\/\/theyachtbeach.com\/de\/wp-json\/wp\/v2\/media?parent=14934"}],"wp:term":[{"taxonomy":"product_brand","embeddable":true,"href":"https:\/\/theyachtbeach.com\/de\/wp-json\/wp\/v2\/product_brand?post=14934"},{"taxonomy":"product_cat","embeddable":true,"href":"https:\/\/theyachtbeach.com\/de\/wp-json\/wp\/v2\/product_cat?post=14934"},{"taxonomy":"product_tag","embeddable":true,"href":"https:\/\/theyachtbeach.com\/de\/wp-json\/wp\/v2\/product_tag?post=14934"}],"curies":[{"name":"wp","href":"https:\/\/api.w.org\/{rel}","templated":true}]}}