{"id":14937,"date":"2026-02-06T12:33:45","date_gmt":"2026-02-06T11:33:45","guid":{"rendered":"https:\/\/theyachtbeach.com\/?post_type=product&#038;p=14937"},"modified":"2026-04-23T13:00:55","modified_gmt":"2026-04-23T11:00:55","slug":"pool-party-combo","status":"publish","type":"product","link":"https:\/\/theyachtbeach.com\/de\/produkt\/pool-party-combo\/","title":{"rendered":"Yachtbeach Pool Party Combo \u2013 8 Gl\u00e4ser und einen Sektk\u00fcbel"},"content":{"rendered":"<div id=\"description\" class=\"data item content\" role=\"tabpanel\" aria-labelledby=\"tab-label-description\" data-role=\"content\" aria-hidden=\"false\">\n<div class=\"product attribute description\">\n<div class=\"value\">\n<p>Yachtbeach &#8211; Pool Party Combo<\/p>\n<p>The Yachtbeach Yachtbeach Pool Party Combo is simply a part of a relaxing day on the water. complete your setup with our Yachtbeach Pool Party Combo &#8211; 8 Cups and 1 Bucket. elegant, robust and a real eye-catcher<\/p>\n<p>Detailed information:<br \/>\n8 Cups &amp; 1 Bucket<\/p>\n<\/div>\n<\/div>\n<\/div>\n<div id=\"tab-label-additional\" class=\"data item title\" tabindex=\"0\" role=\"tab\" data-role=\"collapsible\" data-collapsible=\"true\" aria-controls=\"additional\" aria-selected=\"false\" aria-expanded=\"false\"><\/div>","protected":false},"excerpt":{"rendered":"<p>Der Yachtbeach Floating Cup Holder geh\u00f6rt zu einem entspannten Tag auf dem Wasser einfach dazu. Er bietet ausreichend Platz f\u00fcr Gl\u00e4ser, Dosen, Flaschen oder andere Getr\u00e4nke.<\/p>","protected":false},"featured_media":14938,"template":"","meta":{"_seopress_robots_primary_cat":"none","_seopress_titles_title":"","_seopress_titles_desc":"","_seopress_robots_index":""},"product_brand":[],"product_cat":[250],"product_tag":[],"class_list":{"0":"post-14937","1":"product","2":"type-product","3":"status-publish","4":"has-post-thumbnail","6":"product_cat-accessorie","8":"first","9":"instock","10":"taxable","11":"shipping-taxable","12":"purchasable","13":"product-type-simple"},"_links":{"self":[{"href":"https:\/\/theyachtbeach.com\/de\/wp-json\/wp\/v2\/product\/14937","targetHints":{"allow":["GET"]}}],"collection":[{"href":"https:\/\/theyachtbeach.com\/de\/wp-json\/wp\/v2\/product"}],"about":[{"href":"https:\/\/theyachtbeach.com\/de\/wp-json\/wp\/v2\/types\/product"}],"version-history":[{"count":1,"href":"https:\/\/theyachtbeach.com\/de\/wp-json\/wp\/v2\/product\/14937\/revisions"}],"predecessor-version":[{"id":17732,"href":"https:\/\/theyachtbeach.com\/de\/wp-json\/wp\/v2\/product\/14937\/revisions\/17732"}],"wp:featuredmedia":[{"embeddable":true,"href":"https:\/\/theyachtbeach.com\/de\/wp-json\/wp\/v2\/media\/14938"}],"wp:attachment":[{"href":"https:\/\/theyachtbeach.com\/de\/wp-json\/wp\/v2\/media?parent=14937"}],"wp:term":[{"taxonomy":"product_brand","embeddable":true,"href":"https:\/\/theyachtbeach.com\/de\/wp-json\/wp\/v2\/product_brand?post=14937"},{"taxonomy":"product_cat","embeddable":true,"href":"https:\/\/theyachtbeach.com\/de\/wp-json\/wp\/v2\/product_cat?post=14937"},{"taxonomy":"product_tag","embeddable":true,"href":"https:\/\/theyachtbeach.com\/de\/wp-json\/wp\/v2\/product_tag?post=14937"}],"curies":[{"name":"wp","href":"https:\/\/api.w.org\/{rel}","templated":true}]}}