{"id":16397,"date":"2026-02-06T12:33:45","date_gmt":"2026-02-06T11:33:45","guid":{"rendered":"https:\/\/theyachtbeach.com\/?post_type=product&#038;p=16397"},"modified":"2026-02-06T12:41:53","modified_gmt":"2026-02-06T11:41:53","slug":"yachtbeach-platforms-premium-teak","status":"publish","type":"product","link":"https:\/\/theyachtbeach.com\/de\/produkt\/yachtbeach-platforms-premium-teak\/","title":{"rendered":"Yachtbeach Platforms Premium Teak"},"content":{"rendered":"<p>YACHTBEACH 2.05 &#8211; Your own floating beach<\/p>\n<p>With the new and <strong>innovative<\/strong> Yacht Plattformen von YACHTBEACH mit dem Sie <strong>own<\/strong> eigenen kleinen Strand direkt am Boot befestigen oder elegant eine Terasse in ihrem See entstehen lassen. <strong>Unser High- End<\/strong> Produkt beeindruckt druch seine Eleganz und sein nobles Design. Somit g\u00f6nnen Sie sich und Ihren Passagieren eine perfekte Badeinsel zum Lesen, Entspannen und Schwimmen. YACHTBEACH ist auch die <strong>perfekte Plattform<\/strong> f\u00fcr Fitness, Yoga sowie eine schwimmende Partylounge f\u00fcr gesellige Abende mit Freunden. Dieses St\u00fcck Freiheit kann <strong>kombiniert<\/strong> multifunctionally and in various ways. The point connection allows the perfect docking<br \/>\nstation for Jet Ski, Tender, Seabob, SUP and much more.<\/p>\n<p>&nbsp;<\/p>\n<p>&nbsp;<\/p>","protected":false},"excerpt":{"rendered":"<p>YACHTBEACH 2.05 &#8211; Your own floating beach With the new and innovative yacht platforms from YACHTBEACH you can create your own small beach directly at the boat or as an elegant bathing terrace in your pond or lake. This high-end product impresses with its elegant and noble design. With it you treat yourself and your [&hellip;]<\/p>\n","protected":false},"featured_media":16412,"template":"","meta":{"_seopress_robots_primary_cat":"none","_seopress_titles_title":"","_seopress_titles_desc":"","_seopress_robots_index":""},"product_brand":[],"product_cat":[171],"product_tag":[],"class_list":{"0":"post-16397","1":"product","2":"type-product","3":"status-publish","4":"has-post-thumbnail","6":"product_cat-platform","8":"first","9":"instock","10":"taxable","11":"shipping-taxable","12":"purchasable","13":"product-type-variable"},"_links":{"self":[{"href":"https:\/\/theyachtbeach.com\/de\/wp-json\/wp\/v2\/product\/16397","targetHints":{"allow":["GET"]}}],"collection":[{"href":"https:\/\/theyachtbeach.com\/de\/wp-json\/wp\/v2\/product"}],"about":[{"href":"https:\/\/theyachtbeach.com\/de\/wp-json\/wp\/v2\/types\/product"}],"version-history":[{"count":1,"href":"https:\/\/theyachtbeach.com\/de\/wp-json\/wp\/v2\/product\/16397\/revisions"}],"predecessor-version":[{"id":17725,"href":"https:\/\/theyachtbeach.com\/de\/wp-json\/wp\/v2\/product\/16397\/revisions\/17725"}],"wp:featuredmedia":[{"embeddable":true,"href":"https:\/\/theyachtbeach.com\/de\/wp-json\/wp\/v2\/media\/16412"}],"wp:attachment":[{"href":"https:\/\/theyachtbeach.com\/de\/wp-json\/wp\/v2\/media?parent=16397"}],"wp:term":[{"taxonomy":"product_brand","embeddable":true,"href":"https:\/\/theyachtbeach.com\/de\/wp-json\/wp\/v2\/product_brand?post=16397"},{"taxonomy":"product_cat","embeddable":true,"href":"https:\/\/theyachtbeach.com\/de\/wp-json\/wp\/v2\/product_cat?post=16397"},{"taxonomy":"product_tag","embeddable":true,"href":"https:\/\/theyachtbeach.com\/de\/wp-json\/wp\/v2\/product_tag?post=16397"}],"curies":[{"name":"wp","href":"https:\/\/api.w.org\/{rel}","templated":true}]}}