{"id":8223,"date":"2026-02-06T12:33:47","date_gmt":"2026-02-06T11:33:47","guid":{"rendered":"https:\/\/yb2023.psychold.de\/product\/yachtbeach-platform-4-10-premium-teak\/"},"modified":"2026-04-10T18:30:52","modified_gmt":"2026-04-10T16:30:52","slug":"yachtbeach-platform-4-10-premium-teak","status":"publish","type":"product","link":"https:\/\/theyachtbeach.com\/de\/produkt\/yachtbeach-platform-4-10-premium-teak\/","title":{"rendered":"Yachtbeach Platform 4.10 Premium Teak"},"content":{"rendered":"<p>With the new and <strong>innovative<\/strong> Yacht Plattformen von YACHTBEACH mit dem Sie <strong>own<\/strong> eigenen kleinen Strand direkt am Boot befestigen oder elegant eine Terasse in ihrem See entstehen lassen. <strong>Unser High- End<\/strong> Produkt beeindruckt druch seine Eleganz und sein nobles Design. Somit g\u00f6nnen Sie sich und Ihren Passagieren eine perfekte Badeinsel zum Lesen, Entspannen und Schwimmen. YACHTBEACH ist auch die <strong>perfekte Plattform<\/strong> f\u00fcr Fitness, Yoga sowie eine schwimmende Partylounge f\u00fcr gesellige Abende mit Freunden. Dieses St\u00fcck Freiheit kann <strong>kombiniert<\/strong> multifunctionally and in various ways. The point connection allows the perfect docking<br \/>\nstation for Jet Ski, Tender, Seabob, SUP and much more.<\/p>","protected":false},"excerpt":{"rendered":"<p>Abma\u00dfe: 410x205cm \u2013 13\u2019x6,7\u2032<br \/>\nGewicht incl. Tragetasche: ca. 42,2 kg \u2013 93lbs<\/p>","protected":false},"featured_media":13984,"template":"","meta":{"_seopress_robots_primary_cat":"none","_seopress_titles_title":"","_seopress_titles_desc":"","_seopress_robots_index":""},"product_brand":[],"product_cat":[171],"product_tag":[245,239,240,243,225,237,241,244,247,236,242,248,200,238,249,226,246],"class_list":{"0":"post-8223","1":"product","2":"type-product","3":"status-publish","4":"has-post-thumbnail","6":"product_cat-platform","7":"product_tag-docking-station","8":"product_tag-exband","9":"product_tag-extension","10":"product_tag-floating","11":"product_tag-inflatable","12":"product_tag-inflatable-platform","13":"product_tag-island","14":"product_tag-jet-ski","15":"product_tag-luxury","16":"product_tag-platform","17":"product_tag-pool","18":"product_tag-watersport","19":"product_tag-yacht","20":"product_tag-yacht-island","21":"product_tag-yacht-owners","22":"product_tag-yachtbeach","23":"product_tag-yb","25":"first","26":"instock","27":"taxable","28":"shipping-taxable","29":"purchasable","30":"product-type-simple"},"_links":{"self":[{"href":"https:\/\/theyachtbeach.com\/de\/wp-json\/wp\/v2\/product\/8223","targetHints":{"allow":["GET"]}}],"collection":[{"href":"https:\/\/theyachtbeach.com\/de\/wp-json\/wp\/v2\/product"}],"about":[{"href":"https:\/\/theyachtbeach.com\/de\/wp-json\/wp\/v2\/types\/product"}],"version-history":[{"count":1,"href":"https:\/\/theyachtbeach.com\/de\/wp-json\/wp\/v2\/product\/8223\/revisions"}],"predecessor-version":[{"id":17777,"href":"https:\/\/theyachtbeach.com\/de\/wp-json\/wp\/v2\/product\/8223\/revisions\/17777"}],"wp:featuredmedia":[{"embeddable":true,"href":"https:\/\/theyachtbeach.com\/de\/wp-json\/wp\/v2\/media\/13984"}],"wp:attachment":[{"href":"https:\/\/theyachtbeach.com\/de\/wp-json\/wp\/v2\/media?parent=8223"}],"wp:term":[{"taxonomy":"product_brand","embeddable":true,"href":"https:\/\/theyachtbeach.com\/de\/wp-json\/wp\/v2\/product_brand?post=8223"},{"taxonomy":"product_cat","embeddable":true,"href":"https:\/\/theyachtbeach.com\/de\/wp-json\/wp\/v2\/product_cat?post=8223"},{"taxonomy":"product_tag","embeddable":true,"href":"https:\/\/theyachtbeach.com\/de\/wp-json\/wp\/v2\/product_tag?post=8223"}],"curies":[{"name":"wp","href":"https:\/\/api.w.org\/{rel}","templated":true}]}}