{"id":8753,"date":"2026-02-06T12:33:46","date_gmt":"2026-02-06T11:33:46","guid":{"rendered":"https:\/\/yb2023.psychold.de\/?post_type=product&#038;p=8753"},"modified":"2026-04-02T18:30:59","modified_gmt":"2026-04-02T16:30:59","slug":"yachtbeach-multi-dock-and-lounger-double-2-05","status":"publish","type":"product","link":"https:\/\/theyachtbeach.com\/de\/produkt\/yachtbeach-multi-dock-and-lounger-double-2-05\/","title":{"rendered":"Yachtbeach Multi Dock and Lounger Double 2.05"},"content":{"rendered":"<p>Multidock und Liege in einem Produkt. Geeignet zum einfachen Abstellen\u00a0<strong>von<\/strong>\u00a0bis zu zwei Seabobs oder iAqua, Jetsurf Boards, Awake Boards, Radinn Boards, Fliteboards, Lift Boards, Magicsurf Boards, Onean Boards, esurf Boards or Lampuga Boards. Neben Parkpl\u00e4tzen bietet es auch eine bequeme Sitzlounge f\u00fcr 2 Personen.\u00a0<strong>Bemerkenswert<\/strong>\u00a0das der Yachtbeach Multi Dock Lounger\u00a0<strong>ganz einfach<\/strong>\u00a0mit allen Yachtbeach 4.1 &amp; 3.0 Plattformen und Luxuspools durch das Griffverbindungssystem verbunden werden kann. Hergestell mit einer optisch sch\u00f6nen, angenehme, rutschfeste und strapazierf\u00e4hige Oberfl\u00e4che aus\u00a0<strong>EVA in Teak Design.<\/strong><\/p>","protected":false},"excerpt":{"rendered":"<p>Multi Dock and Lounger in one product. Suitable for\u00a0easy parking\u00a0of up to 2 Seabobs or iAqua, Jetsurf Boards, Awake Boards, Radinn Boards, Fliteboards, Lift Boards, Magicsurf Boards, Onean Boards, esurf Boards or Lampuga Boards. In addition to parking, it also offers a super comfortable lounge function for 2 people. It can also be used and [&hellip;]<\/p>\n","protected":false},"featured_media":12197,"template":"","meta":{"_seopress_robots_primary_cat":"none","_seopress_titles_title":"","_seopress_titles_desc":"","_seopress_robots_index":""},"product_brand":[],"product_cat":[202],"product_tag":[209,211,204,217,213,208,210,218,214,203,193,215,216,212,205,201,207,189,206,188],"class_list":{"0":"post-8753","1":"product","2":"type-product","3":"status-publish","4":"has-post-thumbnail","6":"product_cat-docks","7":"product_tag-amazea-dock","8":"product_tag-awake-dock","9":"product_tag-dock-for-seabobs","10":"product_tag-esurf-dock","11":"product_tag-fliteboard-dock","12":"product_tag-iaqua-dock","13":"product_tag-jetsurf-dock","14":"product_tag-lampuga-dock","15":"product_tag-lift-board-dock","16":"product_tag-lounger","17":"product_tag-luxury-yacht","18":"product_tag-magicsurf-dock","19":"product_tag-onean-dock","20":"product_tag-radinn-dock","21":"product_tag-seabob-docking-station","22":"product_tag-superyacht-fun","23":"product_tag-superyachttoys","24":"product_tag-yachtfun","25":"product_tag-yachts","26":"product_tag-yachttoys","28":"first","29":"instock","30":"taxable","31":"shipping-taxable","32":"purchasable","33":"product-type-simple"},"_links":{"self":[{"href":"https:\/\/theyachtbeach.com\/de\/wp-json\/wp\/v2\/product\/8753","targetHints":{"allow":["GET"]}}],"collection":[{"href":"https:\/\/theyachtbeach.com\/de\/wp-json\/wp\/v2\/product"}],"about":[{"href":"https:\/\/theyachtbeach.com\/de\/wp-json\/wp\/v2\/types\/product"}],"version-history":[{"count":1,"href":"https:\/\/theyachtbeach.com\/de\/wp-json\/wp\/v2\/product\/8753\/revisions"}],"predecessor-version":[{"id":17769,"href":"https:\/\/theyachtbeach.com\/de\/wp-json\/wp\/v2\/product\/8753\/revisions\/17769"}],"wp:featuredmedia":[{"embeddable":true,"href":"https:\/\/theyachtbeach.com\/de\/wp-json\/wp\/v2\/media\/12197"}],"wp:attachment":[{"href":"https:\/\/theyachtbeach.com\/de\/wp-json\/wp\/v2\/media?parent=8753"}],"wp:term":[{"taxonomy":"product_brand","embeddable":true,"href":"https:\/\/theyachtbeach.com\/de\/wp-json\/wp\/v2\/product_brand?post=8753"},{"taxonomy":"product_cat","embeddable":true,"href":"https:\/\/theyachtbeach.com\/de\/wp-json\/wp\/v2\/product_cat?post=8753"},{"taxonomy":"product_tag","embeddable":true,"href":"https:\/\/theyachtbeach.com\/de\/wp-json\/wp\/v2\/product_tag?post=8753"}],"curies":[{"name":"wp","href":"https:\/\/api.w.org\/{rel}","templated":true}]}}