{"id":8789,"date":"2026-02-06T12:33:46","date_gmt":"2026-02-06T11:33:46","guid":{"rendered":"https:\/\/yb2023.psychold.de\/?post_type=product&#038;p=8789"},"modified":"2026-03-25T17:31:02","modified_gmt":"2026-03-25T16:31:02","slug":"jetxtender-380-welded","status":"publish","type":"product","link":"https:\/\/theyachtbeach.com\/de\/produkt\/jetxtender-380-welded\/","title":{"rendered":"JetXtender 380 Welded"},"content":{"rendered":"<p>Jetski oder Tenderboot ? Einfach beides ! Genie\u00dfen Sie\u00a0<strong>den<\/strong>\u00a0on your Jet Ski with space for 6 more people! This innovative Jet Ski extension is the biggest party on the water! EU Certification as a boat! JETXTENDER is an indispensable accessory for your<br \/>\nJet Ski. It looks and feels like a regular inflatable boat, but attaching it to a Jet Ski means\u00a0<strong>KEINEN Au\u00dfenboardmotor mehr !<\/strong>Jetski Besitzer lieben die Geschwindigkeit und die Man\u00f6verf\u00e4higkeit, aber vermissen es mehr Platz f\u00fcr weiter Passagiere zu\u00a0<strong>haben<\/strong>, but miss the room to take more passengers along.<\/p>\n<p>The JETXTENDER offers them the\u00a0<strong>Wassersport<\/strong>\u00a0Welten. JETXTENDER ist leicht und l\u00e4sst sich klein zusammenpacken, dass Sie ihn auf Ihrem Jetski transportieren k\u00f6nnen. Es l\u00e4sst sich in wenigen Augenblicken aufblasen und ist einfach anzubringen. Sie k\u00f6nnen damit wendig durch sehr flache Gew\u00e4sser fahren. JETXTENDER funktioniert sowohl bei hohen als auch bei niedrigen Geschwindigkeiten hervorragend und ist daher sowohl f\u00fcr Freizeit- als auch f\u00fcr Rettungseins\u00e4tze konkurrenzlos. Mit dem Jetxtender k\u00f6nnen Sie maximal 6 Personen plus die zus\u00e4tzliche Person auf dem Jetski mitnehmen. Sie k\u00f6nnen es mit jedem anderen Jetski verwenden, um mehr Platz, Auftrieb, Stabilit\u00e4t, Sicherheit oder Sicht zu erhalten.<br \/>\n<strong>YOU WILL LOVE THIS GADGET!<\/strong><\/p>","protected":false},"excerpt":{"rendered":"<p>Jetski oder Tenderboot ? Einfach beides ! Genie\u00dfen Sie\u00a0<strong>den<\/strong>\u00a0on your Jet Ski with space for 6 more people! This innovative Jet Ski extension is the biggest party on the water! EU Certification as a boat! JETXTENDER is an indispensable accessory for your<br \/>\nJet Ski<\/p>","protected":false},"featured_media":8792,"template":"","meta":{"_seopress_robots_primary_cat":"none","_seopress_titles_title":"","_seopress_titles_desc":"","_seopress_robots_index":""},"product_brand":[],"product_cat":[230],"product_tag":[233,232,231,234,235],"class_list":{"0":"post-8789","1":"product","2":"type-product","3":"status-publish","4":"has-post-thumbnail","6":"product_cat-jetxtender","7":"product_tag-extenter","8":"product_tag-fun","9":"product_tag-jetski","10":"product_tag-jetskiboot","11":"product_tag-transport","13":"first","14":"instock","15":"taxable","16":"shipping-taxable","17":"purchasable","18":"product-type-simple"},"_links":{"self":[{"href":"https:\/\/theyachtbeach.com\/de\/wp-json\/wp\/v2\/product\/8789","targetHints":{"allow":["GET"]}}],"collection":[{"href":"https:\/\/theyachtbeach.com\/de\/wp-json\/wp\/v2\/product"}],"about":[{"href":"https:\/\/theyachtbeach.com\/de\/wp-json\/wp\/v2\/types\/product"}],"version-history":[{"count":2,"href":"https:\/\/theyachtbeach.com\/de\/wp-json\/wp\/v2\/product\/8789\/revisions"}],"predecessor-version":[{"id":18509,"href":"https:\/\/theyachtbeach.com\/de\/wp-json\/wp\/v2\/product\/8789\/revisions\/18509"}],"wp:featuredmedia":[{"embeddable":true,"href":"https:\/\/theyachtbeach.com\/de\/wp-json\/wp\/v2\/media\/8792"}],"wp:attachment":[{"href":"https:\/\/theyachtbeach.com\/de\/wp-json\/wp\/v2\/media?parent=8789"}],"wp:term":[{"taxonomy":"product_brand","embeddable":true,"href":"https:\/\/theyachtbeach.com\/de\/wp-json\/wp\/v2\/product_brand?post=8789"},{"taxonomy":"product_cat","embeddable":true,"href":"https:\/\/theyachtbeach.com\/de\/wp-json\/wp\/v2\/product_cat?post=8789"},{"taxonomy":"product_tag","embeddable":true,"href":"https:\/\/theyachtbeach.com\/de\/wp-json\/wp\/v2\/product_tag?post=8789"}],"curies":[{"name":"wp","href":"https:\/\/api.w.org\/{rel}","templated":true}]}}